{"id":1755,"date":"2019-11-11T17:51:29","date_gmt":"2019-11-11T17:51:29","guid":{"rendered":"https:\/\/damrakshortstay.com\/politica-de-privacidad\/"},"modified":"2024-03-08T20:36:01","modified_gmt":"2024-03-08T20:36:01","slug":"politica-de-privacidad","status":"publish","type":"page","link":"https:\/\/damrakshortstay.com\/es\/politica-de-privacidad\/","title":{"rendered":"Pol\u00edtica de privacidad"},"content":{"rendered":"<p>[et_pb_section fb_built=\u00bb1&#8243; admin_label=\u00bbHeader\u00bb _builder_version=\u00bb4.0.6&#8243; background_image=\u00bbhttps:\/\/damrakshortstay.com\/wp-content\/uploads\/2019\/10\/damrak-shortstay-amsterdam_apartment_28.jpg\u00bb height=\u00bb450px\u00bb custom_margin=\u00bb|||\u00bb custom_padding=\u00bb0vw||0vw||true|\u00bb hover_enabled=\u00bb0&#8243;][et_pb_row _builder_version=\u00bb3.25&#8243; hover_enabled=\u00bb0&#8243;][et_pb_column type=\u00bb4_4&#8243; _builder_version=\u00bb3.25&#8243; custom_padding=\u00bb|||\u00bb custom_padding__hover=\u00bb|||\u00bb][et_pb_text _builder_version=\u00bb4.0.6&#8243; text_font=\u00bb||||||||\u00bb header_font=\u00bbRaleway|700|||||||\u00bb header_font_size=\u00bb80px\u00bb header_line_height=\u00bb1.2em\u00bb header_5_font=\u00bbRaleway|700||on|||||\u00bb header_5_text_color=\u00bb#000000&#8243; header_5_font_size=\u00bb20px\u00bb header_5_letter_spacing=\u00bb0.5em\u00bb header_5_line_height=\u00bb1.8em\u00bb animation_style=\u00bbzoom\u00bb animation_intensity_zoom=\u00bb5%\u00bb header_font_size_tablet=\u00bb48px\u00bb header_font_size_phone=\u00bb32px\u00bb header_font_size_last_edited=\u00bbon|phone\u00bb header_5_font_size_tablet=\u00bb14px\u00bb header_5_font_size_phone=\u00bb12px\u00bb header_5_font_size_last_edited=\u00bbon|desktop\u00bb]<\/p>\n<h5> <\/h5>\n<h1> <\/h1>\n<p>[\/et_pb_text][\/et_pb_column][\/et_pb_row][\/et_pb_section][et_pb_section fb_built=\u00bb1&#8243; admin_label=\u00bbRoom Details\u00bb _builder_version=\u00bb3.22&#8243;][et_pb_row _builder_version=\u00bb4.0.6&#8243;][et_pb_column type=\u00bb4_4&#8243; _builder_version=\u00bb4.0.6&#8243;][et_pb_text _builder_version=\u00bb4.0.6&#8243; header_text_align=\u00bbcenter\u00bb]<\/p>\n<h1>Pol\u00edtica de privacidad<\/h1>\n<p>[\/et_pb_text][\/et_pb_column][\/et_pb_row][et_pb_row column_structure=\u00bb1_2,1_2&#8243; _builder_version=\u00bb3.25&#8243;][et_pb_column type=\u00bb1_2&#8243; _builder_version=\u00bb3.25&#8243; custom_padding=\u00bb|||\u00bb custom_padding__hover=\u00bb|||\u00bb][et_pb_text _builder_version=\u00bb4.0.6&#8243; header_4_font=\u00bbRaleway|700|||||||\u00bb header_4_font_size=\u00bb20px\u00bb header_4_line_height=\u00bb1.4em\u00bb text_orientation=\u00bbjustified\u00bb]<\/p>\n<div class=\"page\" title=\"P\u00e1gina 1\">\n<div class=\"layoutArea\">\n<div class=\"column\">\n<p>Damrak Short Stay Amsterdam respeta la privacidad de los visitantes de su sitio web, en particular sus derechos relativos al tratamiento automatizado de datos personales. Por ello, hemos formulado y aplicado una pol\u00edtica de total transparencia con nuestros clientes en relaci\u00f3n con el tratamiento de datos personales, su finalidad o finalidades y las posibilidades de ejercer sus derechos legales de la mejor manera posible.<\/p>\n<p>Si desea m\u00e1s informaci\u00f3n sobre la protecci\u00f3n de datos personales, visite el sitio web de la Autoridad Neerlandesa de Protecci\u00f3n de Datos (Autoriteit Persoonsgegevens): <a href=\"https:\/\/autoriteitpersoonsgegevens.nl\/nl\">https:\/\/autoriteitpersoonsgegevens.nl\/nl.<\/a><\/p>\n<p>Hasta que no acepte el uso de cookies y otros dispositivos de seguimiento, no colocaremos cookies anal\u00edticas y\/o cookies de seguimiento no anonimizadas en su ordenador, tel\u00e9fono m\u00f3vil o tableta.<br \/>  Con la visita continuada de este sitio web usted acepta estas condiciones de uso y acepta el uso de cookies y otros sistemas de seguimiento, a menos que hayamos previsto otro m\u00e9todo de aceptaci\u00f3n de cookies en nuestro sitio web. Si desea rechazar el uso de estas cookies, haga clic en el siguiente enlace: <a href=\"http:\/\/www.damrakshortstay.com\/nocookies\">http:\/\/www.damrakshortstay.com\/nocookies.<\/a><\/p>\n<p>La versi\u00f3n actual disponible de esta pol\u00edtica de privacidad es la \u00fanica que se aplica al visitar nuestro sitio web hasta que una nueva versi\u00f3n sustituya a la actual.<\/p>\n<p><strong>Art\u00edculo 1 &#8211; Definiciones<\/strong><br \/>  1. Sitio web (en adelante: \u00abSitio web\u00bb) <a href=\"http:\/\/www.damrakshortstay.com\">www.damrakshortstay.com.<\/a><br \/>  2. Responsable del tratamiento de datos personales (en lo sucesivo, \u00abel responsable del tratamiento\u00bb): Damrak Short Stay Amsterdam, con domicilio social en Damrak 35-36, 1012 LK \u00c1msterdam, Pa\u00edses Bajos, n\u00famero de la C\u00e1mara de Comercio: 33273101 .<\/p>\n<p><strong>Art\u00edculo 2 &#8211; Acceso al sitio web<\/strong><br \/>  El acceso y uso del sitio web son estrictamente personales. Usted se abstendr\u00e1 de utilizar los datos y la informaci\u00f3n de este sitio web para sus propios fines comerciales, pol\u00edticos o publicitarios, as\u00ed como para cualquier oferta comercial, en particular ofertas electr\u00f3nicas no solicitadas.<\/p>\n<p><strong>Art\u00edculo 3 &#8211; Contenido del sitio web  <\/strong><br \/>  Todas las marcas, im\u00e1genes, textos, comentarios, ilustraciones (animadas) im\u00e1genes, im\u00e1genes de v\u00eddeo, sonidos y todas las aplicaciones t\u00e9cnicas que puedan utilizarse para el funcionamiento de este sitio web y, de forma m\u00e1s general, todos los componentes utilizados en este sitio web, est\u00e1n protegidos por las leyes sobre propiedad intelectual. Queda estrictamente prohibida la reproducci\u00f3n, repetici\u00f3n, utilizaci\u00f3n o modificaci\u00f3n, por cualquier medio, de todo o parte del mismo, incluidas las aplicaciones t\u00e9cnicas, sin la autorizaci\u00f3n previa por escrito del responsable del tratamiento. El hecho de que el responsable del tratamiento no tome medidas inmediatas contra cualquier infracci\u00f3n no puede considerarse como un consentimiento t\u00e1cito, ni como una renuncia a cualquier derecho a perseguir a la parte infractora.<\/p>\n<p><strong>Art\u00edculo 4 &#8211; Gesti\u00f3n del sitio web<\/strong><br \/>  A efectos de la correcta gesti\u00f3n del sitio, el responsable del tratamiento podr\u00e1, en cualquier momento:<br \/>  (1) suspender, interrumpir, reducir o denegar el acceso al sitio web a una determinada categor\u00eda de visitantes<br \/>  (2) eliminar toda la informaci\u00f3n que pueda perturbar el funcionamiento del sitio web o que entre en conflicto con la legislaci\u00f3n nacional o internacional o sea contraria a la etiqueta de Internet<br \/>  (3) hacer que el sitio web no est\u00e9 disponible temporalmente para realizar actualizaciones<\/p>\n<p><strong>Art\u00edculo 5 &#8211; Responsabilidades<\/strong><br \/>  1. El responsable del tratamiento no se hace responsable de los fallos, perturbaciones, dificultades o interrupciones en el funcionamiento del sitio web que provoquen la inaccesibilidad (temporal) del sitio web o de alguna de sus funcionalidades. Usted mismo es responsable de la forma en que busca conectarse a nuestro sitio web. Debes tomar todas las medidas adecuadas para proteger tus equipos y datos contra peligros como los ataques de virus en Internet. Adem\u00e1s, usted es responsable de los sitios web que visita y de la informaci\u00f3n que busca.<br \/>  2. El responsable del tratamiento no ser\u00e1 responsable de los procedimientos judiciales que se emprendan contra usted:<br \/>  (a) por el uso del sitio web o de los servicios accesibles a trav\u00e9s de Internet<br \/>  (b) por violar los t\u00e9rminos de esta pol\u00edtica de privacidad<br \/>  3. El controlador no se hace responsable de los da\u00f1os que usted o terceros o su equipo sufran como resultado de su conexi\u00f3n o uso del sitio web y usted se abstendr\u00e1 de emprender cualquier acci\u00f3n (legal) posterior contra el controlador.<br \/>  4. Si el responsable del tratamiento se ve envuelto en un litigio a causa de su (ab)uso de este sitio web, tendr\u00e1 derecho a (re)reclamarle todos los da\u00f1os y perjuicios subsiguientes.<\/p>\n<p><strong>Art\u00edculo 6 &#8211; Recogida de datos<\/strong><br \/>  1. Sus datos personales ser\u00e1n recogidos por Damrak Short Stay Amsterdam y uno o varios procesadores externos.<br \/>  2. Por datos personales se entiende cualquier informaci\u00f3n relativa a una persona f\u00edsica identificada o identificable (\u00abinteresado\u00bb).<br \/>  3. Una persona f\u00edsica identificable es aquella que puede ser identificada, directa o indirectamente, en particular por referencia a un identificador como un nombre, un n\u00famero de identificaci\u00f3n, datos de localizaci\u00f3n, un identificador en l\u00ednea o a uno o m\u00e1s factores espec\u00edficos de la identidad f\u00edsica, fisiol\u00f3gica, gen\u00e9tica, mental, econ\u00f3mica, cultural o social de dicha persona f\u00edsica.<br \/>  4. Los datos personales que se recogen en el sitio web son utilizados principalmente por el recopilador con el fin de mantener una relaci\u00f3n (comercial) con usted y, en su caso, con el fin de procesar sus pedidos. Se inscriben en un registro (electr\u00f3nico).<\/p>\n<p><strong>Art\u00edculo 7 &#8211; Sus derechos de informaci\u00f3n<\/strong><br \/>  1. De conformidad con el art\u00edculo 13, apartado 2, letra b) del RGPD, todo interesado tiene derecho a la informaci\u00f3n, acceso, rectificaci\u00f3n, supresi\u00f3n y limitaci\u00f3n del tratamiento de sus datos personales, as\u00ed como derecho a oponerse al tratamiento y a la portabilidad de los datos.<br \/>  2. Puede ejercer estos derechos poni\u00e9ndose en contacto con nosotros en <a href=\"mailto:info@damrakshortstay.com\">info@damrakshortstay.com.<\/a><br \/>  3. Cada solicitud debe ir acompa\u00f1ada de una copia de un documento de identidad v\u00e1lido, en el que ponga su firma e indique la direcci\u00f3n en la que podemos ponernos en contacto con usted.<br \/>  4. En el plazo de un mes a partir de la presentaci\u00f3n de la solicitud, recibir\u00e1 nuestra respuesta.<br \/>  5. En funci\u00f3n de la complejidad y el n\u00famero de solicitudes, este plazo puede ampliarse a dos meses.<\/p>\n<\/div>\n<\/div>\n<\/div>\n<p>[\/et_pb_text][\/et_pb_column][et_pb_column type=\u00bb1_2&#8243; _builder_version=\u00bb3.25&#8243; custom_padding=\u00bb|||\u00bb custom_padding__hover=\u00bb|||\u00bb][et_pb_text _builder_version=\u00bb4.0.6&#8243; header_4_font=\u00bbRaleway|700|||||||\u00bb header_4_font_size=\u00bb20px\u00bb header_4_line_height=\u00bb1.4em\u00bb text_orientation=\u00bbjustified\u00bb]<\/p>\n<div class=\"page\" title=\"P\u00e1gina 1\">\n<div class=\"layoutArea\">\n<div class=\"column\">\n<p><strong>Art\u00edculo 7 &#8211; Sus derechos de informaci\u00f3n<\/strong><br \/>  1. De conformidad con el art\u00edculo 13, apartado 2, letra b) del RGPD, todo interesado tiene derecho a la informaci\u00f3n, acceso, rectificaci\u00f3n, supresi\u00f3n y limitaci\u00f3n del tratamiento de sus datos personales, as\u00ed como derecho a oponerse al tratamiento y a la portabilidad de los datos.<br \/>  2. Puede ejercer estos derechos poni\u00e9ndose en contacto con nosotros en <a href=\"mailto:info@damrakshortstay.com\">info@damrakshortstay.com.<\/a><br \/>  3. Cada solicitud debe ir acompa\u00f1ada de una copia de un documento de identidad v\u00e1lido, en el que ponga su firma e indique la direcci\u00f3n en la que podemos ponernos en contacto con usted.<br \/>  4. En el plazo de un mes a partir de la presentaci\u00f3n de la solicitud, recibir\u00e1 nuestra respuesta.<br \/>  5. En funci\u00f3n de la complejidad y el n\u00famero de solicitudes, este plazo puede ampliarse a dos meses.<\/p>\n<p><strong>Art\u00edculo 8 &#8211; Obligaciones jur\u00eddicas<\/strong><br \/>  1. En caso de infracci\u00f3n de cualquier ley o reglamento, de la que un visitante sea sospechoso y para la que las autoridades requieran los datos personales recogidos por el recopilador, \u00e9stos les ser\u00e1n proporcionados tras una solicitud expl\u00edcita y razonada de dichas autoridades, tras lo cual estos datos personales ya no quedar\u00e1n bajo la protecci\u00f3n de las disposiciones de esta Pol\u00edtica de privacidad.<br \/>  2. Si alguna informaci\u00f3n es necesaria para obtener acceso a determinadas funciones del sitio web, el responsable del tratamiento indicar\u00e1 el car\u00e1cter obligatorio de esta informaci\u00f3n al solicitar estos datos.<\/p>\n<p><strong>Art\u00edculo 9 &#8211; Datos recogidos y ofertas comerciales<\/strong><br \/>  1. Es posible que reciba ofertas comerciales del cobrador. Si no desea recibirlos (nunca m\u00e1s), env\u00edenos un correo electr\u00f3nico a la siguiente direcci\u00f3n: <a href=\"mailto:info@damrakshortstay.com\">info@damrakshortstay.com.<\/a><br \/>  2. Sus datos personales no ser\u00e1n utilizados por nuestros socios con fines comerciales.<br \/>  3. Si encuentra datos personales de otros interesados mientras visita nuestro sitio web, debe abstenerse de recopilarlos, de cualquier uso no autorizado o de cualquier otro acto que constituya una violaci\u00f3n de la intimidad del interesado o interesados en cuesti\u00f3n. El recaudador no es responsable en estas circunstancias.<\/p>\n<p><strong>Art\u00edculo 10 &#8211; Conservaci\u00f3n de datos<\/strong><br \/>  Los datos recogidos se utilizan y conservan durante el tiempo que determina la ley.<\/p>\n<p><strong>Art\u00edculo 11 &#8211; Cookies<\/strong><br \/>  1. Una cookie es un peque\u00f1o archivo de texto que se almacena en el disco duro de su dispositivo electr\u00f3nico cuando visita nuestro sitio web. Una cookie contiene datos que permiten reconocerle como visitante cuando visita nuestro sitio web. Nos permite ajustarnos a sus necesidades y le facilita el inicio de sesi\u00f3n en nuestro sitio web. Cuando visita nuestro sitio web, le informamos sobre el uso de cookies. Si contin\u00faa utilizando nuestro sitio web, acepta su uso, a menos que le pidamos permiso por otros medios. Su consentimiento es v\u00e1lido durante un periodo de trece meses.<br \/>  2. En nuestro sitio web utilizamos los siguientes tipos de cookies:<br \/> <em>Cookies funcionales<\/em>: como las cookies de sesi\u00f3n e inicio de sesi\u00f3n para recopilar informaci\u00f3n de sesi\u00f3n e inicio de sesi\u00f3n.<br \/> <em>Cookies anal\u00edticas an\u00f3nimas<\/em>: para obtener informaci\u00f3n sobre las visitas a nuestro sitio web, como el n\u00famero de visitantes, las p\u00e1ginas m\u00e1s visitadas y los temas tratados. De este modo podemos ajustar nuestra comunicaci\u00f3n e informaci\u00f3n a las necesidades de nuestros visitantes. No podemos ver qui\u00e9n visita nuestros sitios ni desde qu\u00e9 dispositivo personal se ha producido la visita.<br \/> <em>Cookies de seguimiento<\/em>: como las cookies publicitarias que tienen por objeto mostrar anuncios relevantes. Mediante el uso de estas cookies podemos deducir sus intereses personales. De este modo, (otras) organizaciones pueden mostrarle anuncios espec\u00edficos cuando visite su sitio web. Las cookies de seguimiento hacen posible la elaboraci\u00f3n de perfiles y tratan de forma diferente a categor\u00edas de personas a la hora de dirigir la publicidad. Las cookies de seguimiento suelen tratar datos personales.<br \/>  3. En concreto, utilizamos las siguientes cookies en nuestro sitio web:<br \/>  &#8211; Google Adwords (cookie de seguimiento)<br \/>  &#8211; Google Analytics<br \/>  4. Cuando visita nuestro sitio web, pueden instalarse en su equipo cookies del responsable del tratamiento y\/o de terceros.<br \/>  5. Para m\u00e1s informaci\u00f3n sobre el uso, gesti\u00f3n y eliminaci\u00f3n de cookies para cada dispositivo electr\u00f3nico, le invitamos a consultar el siguiente enlace: <a href=\"https:\/\/autoriteitpersoonsgegevens.nl\/nl\/onderwerpen\/internet-telefoon-tv-en-post\">https:\/\/autoriteitpersoonsgegevens.nl\/nl\/onderwerpen\/internet-telefoon-tv-en-post<\/a> \/ cookies # faq<\/p>\n<p><strong>Art\u00edculo 12 &#8211; Im\u00e1genes y productos ofrecidos<\/strong><br \/>  Usted no puede derivar ning\u00fan derecho de las im\u00e1genes que acompa\u00f1an a cualquier producto ofrecido en nuestro sitio web.<\/p>\n<p><strong>Art\u00edculo 13 &#8211; Ley aplicable<\/strong><br \/>  Estas condiciones se rigen por la legislaci\u00f3n neerlandesa. El tribunal del distrito en el que el cobrador tenga su domicilio social ser\u00e1 el \u00fanico competente en caso de que surja alg\u00fan litigio en relaci\u00f3n con estas condiciones, salvo excepci\u00f3n legal.<\/p>\n<p><strong>Art\u00edculo 14 &#8211; Contacto<\/strong><br \/>  Para preguntas, informaci\u00f3n sobre productos o sobre el propio sitio web, p\u00f3ngase en contacto con Damrak Short Stay Amsterdam , <a href=\"mailto:info@damrakshortstay.com\">info@damrakshortstay.com.<\/a><\/p>\n<p>&nbsp;<\/p>\n<\/div>\n<\/div>\n<\/div>\n<p>[\/et_pb_text][\/et_pb_column][\/et_pb_row][\/et_pb_section]<\/p>\n","protected":false},"excerpt":{"rendered":"<p>Pol\u00edtica de privacidad Damrak Short Stay Amsterdam respeta la privacidad de los visitantes de su sitio web, en particular sus derechos relativos al tratamiento automatizado de datos personales. Por ello, hemos formulado y aplicado una pol\u00edtica de total transparencia con nuestros clientes en relaci\u00f3n con el tratamiento de datos personales, su finalidad o finalidades y [&hellip;]<\/p>\n","protected":false},"author":1,"featured_media":0,"parent":0,"menu_order":0,"comment_status":"closed","ping_status":"closed","template":"","meta":{"_et_pb_use_builder":"on","_et_pb_old_content":"","_et_gb_content_width":"","footnotes":""},"class_list":["post-1755","page","type-page","status-publish","hentry"],"_links":{"self":[{"href":"https:\/\/damrakshortstay.com\/es\/wp-json\/wp\/v2\/pages\/1755","targetHints":{"allow":["GET"]}}],"collection":[{"href":"https:\/\/damrakshortstay.com\/es\/wp-json\/wp\/v2\/pages"}],"about":[{"href":"https:\/\/damrakshortstay.com\/es\/wp-json\/wp\/v2\/types\/page"}],"author":[{"embeddable":true,"href":"https:\/\/damrakshortstay.com\/es\/wp-json\/wp\/v2\/users\/1"}],"replies":[{"embeddable":true,"href":"https:\/\/damrakshortstay.com\/es\/wp-json\/wp\/v2\/comments?post=1755"}],"version-history":[{"count":1,"href":"https:\/\/damrakshortstay.com\/es\/wp-json\/wp\/v2\/pages\/1755\/revisions"}],"predecessor-version":[{"id":1760,"href":"https:\/\/damrakshortstay.com\/es\/wp-json\/wp\/v2\/pages\/1755\/revisions\/1760"}],"wp:attachment":[{"href":"https:\/\/damrakshortstay.com\/es\/wp-json\/wp\/v2\/media?parent=1755"}],"curies":[{"name":"wp","href":"https:\/\/api.w.org\/{rel}","templated":true}]}}