{"id":1738,"date":"2019-11-13T12:28:45","date_gmt":"2019-11-13T12:28:45","guid":{"rendered":"https:\/\/damrakshortstay.com\/preguntas-frecuentes\/"},"modified":"2024-03-08T20:32:50","modified_gmt":"2024-03-08T20:32:50","slug":"preguntas-frecuentes","status":"publish","type":"page","link":"https:\/\/damrakshortstay.com\/es\/preguntas-frecuentes\/","title":{"rendered":"PREGUNTAS FRECUENTES"},"content":{"rendered":"<p>[et_pb_section fb_built=\u00bb1&#8243; admin_label=\u00bbHeader\u00bb _builder_version=\u00bb4.0.6&#8243; background_image=\u00bbhttps:\/\/damrakshortstay.com\/wp-content\/uploads\/2019\/11\/damrakshortstay_bathroom_opendoor.jpg\u00bb height=\u00bb450px\u00bb custom_margin=\u00bb|||\u00bb custom_padding=\u00bb8vw||8vw||true\u00bb][et_pb_row _builder_version=\u00bb3.25&#8243;][et_pb_column type=\u00bb4_4&#8243; _builder_version=\u00bb3.25&#8243; custom_padding=\u00bb|||\u00bb custom_padding__hover=\u00bb|||\u00bb][et_pb_text _builder_version=\u00bb4.0.6&#8243; text_font=\u00bb||||||||\u00bb header_font=\u00bbRaleway|700|||||||\u00bb header_font_size=\u00bb80px\u00bb header_line_height=\u00bb1.2em\u00bb header_5_font=\u00bbRaleway|700||on|||||\u00bb header_5_text_color=\u00bb#000000&#8243; header_5_font_size=\u00bb20px\u00bb header_5_letter_spacing=\u00bb0.5em\u00bb header_5_line_height=\u00bb1.8em\u00bb animation_style=\u00bbzoom\u00bb animation_intensity_zoom=\u00bb5%\u00bb header_font_size_tablet=\u00bb48px\u00bb header_font_size_phone=\u00bb32px\u00bb header_font_size_last_edited=\u00bbon|phone\u00bb header_5_font_size_tablet=\u00bb14px\u00bb header_5_font_size_phone=\u00bb12px\u00bb header_5_font_size_last_edited=\u00bbon|desktop\u00bb]<\/p>\n<h5> <span style=\"color: #504f4e; font-size: 80px;\"> <\/span><\/h5>\n<p>[\/et_pb_text][\/et_pb_column][\/et_pb_row][\/et_pb_section][et_pb_section fb_built=\u00bb1&#8243; admin_label=\u00bbRoom Details\u00bb _builder_version=\u00bb3.22&#8243;][et_pb_row custom_padding_last_edited=\u00bbon|desktop\u00bb _builder_version=\u00bb3.25&#8243; custom_padding=\u00bb27px|100px|27px|100px|false|false\u00bb custom_padding_tablet=\u00bb|0px||0px||true\u00bb custom_padding_phone=\u00bb\u00bb][et_pb_column type=\u00bb4_4&#8243; _builder_version=\u00bb3.25&#8243; custom_padding=\u00bb|||\u00bb custom_padding__hover=\u00bb|||\u00bb][et_pb_text _builder_version=\u00bb4.0.6&#8243; text_font=\u00bb||||||||\u00bb text_font_size=\u00bb16px\u00bb text_line_height=\u00bb2em\u00bb header_font=\u00bb||||||||\u00bb header_2_font=\u00bbRaleway|700|||||||\u00bb header_2_font_size=\u00bb50px\u00bb header_2_line_height=\u00bb1.2em\u00bb header_6_font=\u00bbRaleway|700||on|||||\u00bb header_6_font_size=\u00bb16px\u00bb header_6_letter_spacing=\u00bb5px\u00bb header_6_line_height=\u00bb1.8em\u00bb text_orientation=\u00bbcenter\u00bb max_width=\u00bb700px\u00bb max_width_last_edited=\u00bboff|desktop\u00bb module_alignment=\u00bbcenter\u00bb hover_enabled=\u00bb0&#8243; header_2_font_size_tablet=\u00bb35px\u00bb header_2_font_size_phone=\u00bb25px\u00bb header_2_font_size_last_edited=\u00bbon|phone\u00bb]<\/p>\n<h2>PREGUNTAS FRECUENTES<\/h2>\n<p><em>\u00bfCu\u00e1l es la estancia m\u00ednima?<\/em><br \/>  Con nosotros tienes que quedarte al menos 7 noches, debido a la normativa de \u00c1msterdam<\/p>\n<p><em>\u00bfCu\u00e1l es la estancia m\u00e1xima?<\/em><br \/>Puedes quedarte con nosotros un m\u00e1ximo de 6 meses, debido a la normativa de Amsterdam<\/p>\n<p><em>\u00bfCu\u00e1ntas personas se permiten por apartamento?<\/em><br \/>Los apartamentos pueden alojar hasta 4 personas. S\u00f3lo se admiten familias de 6 personas.<\/p>\n<p><em>\u00bfA cu\u00e1nto asciende la fianza?<\/em><br \/>La fianza es de 200 euros<\/p>\n<p>[\/et_pb_text][\/et_pb_column][\/et_pb_row][\/et_pb_section]<\/p>\n","protected":false},"excerpt":{"rendered":"<p>PREGUNTAS FRECUENTES \u00bfCu\u00e1l es la estancia m\u00ednima? Con nosotros tienes que quedarte al menos 7 noches, debido a la normativa de \u00c1msterdam \u00bfCu\u00e1l es la estancia m\u00e1xima?Puedes quedarte con nosotros un m\u00e1ximo de 6 meses, debido a la normativa de Amsterdam \u00bfCu\u00e1ntas personas se permiten por apartamento?Los apartamentos pueden alojar hasta 4 personas. S\u00f3lo se [&hellip;]<\/p>\n","protected":false},"author":1,"featured_media":0,"parent":0,"menu_order":0,"comment_status":"closed","ping_status":"closed","template":"","meta":{"_et_pb_use_builder":"on","_et_pb_old_content":"","_et_gb_content_width":"","footnotes":""},"class_list":["post-1738","page","type-page","status-publish","hentry"],"_links":{"self":[{"href":"https:\/\/damrakshortstay.com\/es\/wp-json\/wp\/v2\/pages\/1738","targetHints":{"allow":["GET"]}}],"collection":[{"href":"https:\/\/damrakshortstay.com\/es\/wp-json\/wp\/v2\/pages"}],"about":[{"href":"https:\/\/damrakshortstay.com\/es\/wp-json\/wp\/v2\/types\/page"}],"author":[{"embeddable":true,"href":"https:\/\/damrakshortstay.com\/es\/wp-json\/wp\/v2\/users\/1"}],"replies":[{"embeddable":true,"href":"https:\/\/damrakshortstay.com\/es\/wp-json\/wp\/v2\/comments?post=1738"}],"version-history":[{"count":2,"href":"https:\/\/damrakshortstay.com\/es\/wp-json\/wp\/v2\/pages\/1738\/revisions"}],"predecessor-version":[{"id":1740,"href":"https:\/\/damrakshortstay.com\/es\/wp-json\/wp\/v2\/pages\/1738\/revisions\/1740"}],"wp:attachment":[{"href":"https:\/\/damrakshortstay.com\/es\/wp-json\/wp\/v2\/media?parent=1738"}],"curies":[{"name":"wp","href":"https:\/\/api.w.org\/{rel}","templated":true}]}}