{"id":1713,"date":"2019-10-25T10:33:01","date_gmt":"2019-10-25T10:33:01","guid":{"rendered":"https:\/\/damrakshortstay.com\/instalaciones\/"},"modified":"2024-03-22T20:47:22","modified_gmt":"2024-03-22T20:47:22","slug":"instalaciones","status":"publish","type":"page","link":"https:\/\/damrakshortstay.com\/es\/instalaciones\/","title":{"rendered":"Instalaciones"},"content":{"rendered":"<p>[et_pb_section fb_built=\u00bb1&#8243; admin_label=\u00bbHeader\u00bb _builder_version=\u00bb4.16&#8243; background_image=\u00bbhttps:\/\/damrakshortstay.com\/wp-content\/uploads\/2019\/11\/damrak-shortstay-amsterdam_apartment_16.jpg\u00bb height=\u00bb450px\u00bb custom_margin=\u00bb|||\u00bb custom_padding=\u00bb8vw||8vw||true\u00bb global_colors_info=\u00bb{}\u00bb][et_pb_row _builder_version=\u00bb4.16&#8243; width=\u00bb69.8%\u00bb global_colors_info=\u00bb{}\u00bb][et_pb_column type=\u00bb4_4&#8243; _builder_version=\u00bb4.16&#8243; custom_padding=\u00bb|||\u00bb global_colors_info=\u00bb{}\u00bb custom_padding__hover=\u00bb|||\u00bb][et_pb_text _builder_version=\u00bb4.16&#8243; text_font=\u00bb||||||||\u00bb header_font=\u00bbRaleway|700|||||||\u00bb header_font_size=\u00bb80px\u00bb header_line_height=\u00bb1.2em\u00bb header_5_font=\u00bbRaleway|700||on|||||\u00bb header_5_text_color=\u00bb#000000&#8243; header_5_font_size=\u00bb20px\u00bb header_5_letter_spacing=\u00bb0.5em\u00bb header_5_line_height=\u00bb1.8em\u00bb animation_style=\u00bbzoom\u00bb animation_intensity_zoom=\u00bb5%\u00bb header_font_size_tablet=\u00bb48px\u00bb header_font_size_phone=\u00bb32px\u00bb header_font_size_last_edited=\u00bbon|phone\u00bb header_5_font_size_tablet=\u00bb14px\u00bb header_5_font_size_phone=\u00bb12px\u00bb header_5_font_size_last_edited=\u00bbon|desktop\u00bb global_colors_info=\u00bb{}\u00bb]<\/p>\n<h5> <\/h5>\n<h1> <\/h1>\n<p>[\/et_pb_text][\/et_pb_column][\/et_pb_row][\/et_pb_section][et_pb_section fb_built=\u00bb1&#8243; admin_label=\u00bbRoom Details\u00bb _builder_version=\u00bb4.16&#8243; global_colors_info=\u00bb{}\u00bb][et_pb_row custom_padding_last_edited=\u00bbon|desktop\u00bb _builder_version=\u00bb4.16&#8243; custom_padding=\u00bb27px|100px|27px|100px|false|false\u00bb custom_padding_tablet=\u00bb|0px||0px||true\u00bb custom_padding_phone=\u00bb\u00bb global_colors_info=\u00bb{}\u00bb][et_pb_column type=\u00bb4_4&#8243; _builder_version=\u00bb4.16&#8243; custom_padding=\u00bb|||\u00bb global_colors_info=\u00bb{}\u00bb custom_padding__hover=\u00bb|||\u00bb][et_pb_text _builder_version=\u00bb4.16&#8243; text_font=\u00bb||||||||\u00bb text_font_size=\u00bb16px\u00bb text_line_height=\u00bb2em\u00bb header_font=\u00bb||||||||\u00bb header_2_font=\u00bbRaleway|700|||||||\u00bb header_2_font_size=\u00bb50px\u00bb header_2_line_height=\u00bb1.2em\u00bb header_6_font=\u00bbRaleway|700||on|||||\u00bb header_6_font_size=\u00bb16px\u00bb header_6_letter_spacing=\u00bb5px\u00bb header_6_line_height=\u00bb1.8em\u00bb text_orientation=\u00bbcenter\u00bb max_width=\u00bb700px\u00bb max_width_last_edited=\u00bboff|desktop\u00bb module_alignment=\u00bbcenter\u00bb header_2_font_size_tablet=\u00bb35px\u00bb header_2_font_size_phone=\u00bb25px\u00bb header_2_font_size_last_edited=\u00bbon|phone\u00bb global_colors_info=\u00bb{}\u00bb]<\/p>\n<h2>Instalaciones<\/h2>\n<p>\u00bfHemos mencionado ya lo fant\u00e1sticos que son nuestros apartamentos? Todo completamente renovado conservando rasgos caracter\u00edsticos y equipado con todo el lujo de hoy. Por ejemplo, cada dormitorio tiene un cuarto de ba\u00f1o independiente con aseo y tambi\u00e9n un aseo en el pasillo. Todas las cocinas est\u00e1n equipadas con lo m\u00e1s moderno. Todo para que usted mismo prepare una cena festiva.[\/et_pb_text][\/et_pb_column][\/et_pb_row][\/et_pb_section][et_pb_section fb_built=\u00bb1&#8243; _builder_version=\u00bb4.16&#8243; background_color=\u00bb#f5f5f5&#8243; global_colors_info=\u00bb{}\u00bb][et_pb_row column_structure=\u00bb1_3,1_3,1_3&#8243; admin_label=\u00bbservicios\u00bb module_class=\u00bbthree-columns\u00bb _builder_version=\u00bb4.2.1&#8243; global_module=\u00bb694&#8243; saved_tabs=\u00bball\u00bb global_colors_info=\u00bb{}\u00bb][et_pb_column type=\u00bb1_3&#8243; _builder_version=\u00bb4.16&#8243; custom_padding=\u00bb|||\u00bb global_colors_info=\u00bb{}\u00bb custom_padding__hover=\u00bb|||\u00bb][et_pb_blurb title=\u00bbWifi superr\u00e1pido gratuito\u00bb image=\u00bbhttps:\/\/damrakshortstay.com\/wp-content\/uploads\/\/2019\/11\/damrakshortstayamsterdam_icon_freewifi.svg\u00bb alt=\u00bbdamrakshortstayamsterdam_icon_freewifi\u00bb icon_placement=\u00bbleft\u00bb _builder_version=\u00bb4.16&#8243; header_line_height=\u00bb1.8em\u00bb global_colors_info=\u00bb{}\u00bb][\/et_pb_blurb][et_pb_blurb title=\u00bbToallas\u00bb image=\u00bbhttps:\/\/damrakshortstay.com\/wp-content\/uploads\/\/2019\/11\/damrakshortstayamsterdam_icon_towel.svg\u00bb alt=\u00bbdamrakshortstayamsterdam_icon_toalla\u00bb icon_placement=\u00bbleft\u00bb _builder_version=\u00bb4.16&#8243; header_line_height=\u00bb1.8em\u00bb global_colors_info=\u00bb{}\u00bb][\/et_pb_blurb][et_pb_blurb title=\u00bbRopa de cama\u00bb image=\u00bbhttps:\/\/damrakshortstay.com\/wp-content\/uploads\/\/2019\/11\/damrakshortstayamsterdam_icon_towel.svg\u00bb alt=\u00bbdamrakshortstayamsterdam_icon_toalla\u00bb icon_placement=\u00bbleft\u00bb _builder_version=\u00bb4.16&#8243; header_line_height=\u00bb1.8em\u00bb global_colors_info=\u00bb{}\u00bb][\/et_pb_blurb][et_pb_blurb title=\u00bbBa\u00f1os privados\u00bb image=\u00bbhttps:\/\/damrakshortstay.com\/wp-content\/uploads\/\/2019\/11\/damrakshortstayamsterdam_icon_bathroom.svg\u00bb alt=\u00bbdamrakshortstayamsterdam_icon_bathroom\u00bb icon_placement=\u00bbleft\u00bb _builder_version=\u00bb4.16&#8243; header_line_height=\u00bb1.8em\u00bb global_colors_info=\u00bb{}\u00bb][\/et_pb_blurb][et_pb_blurb title=\u00bbSecador de pelo\u00bb image=\u00bbhttps:\/\/damrakshortstay.com\/wp-content\/uploads\/\/2019\/11\/damrakshortstayamsterdam_icon_hairdryer.svg\u00bb alt=\u00bbdamrakshortstayamsterdam_icon_hairdryer\u00bb icon_placement=\u00bbleft\u00bb _builder_version=\u00bb4.16&#8243; header_line_height=\u00bb1.8em\u00bb global_colors_info=\u00bb{}\u00bb][\/et_pb_blurb][et_pb_blurb title=\u00bbAseos separados\u00bb image=\u00bbhttps:\/\/damrakshortstay.com\/wp-content\/uploads\/\/2019\/11\/damrakshortstayamsterdam_icon_toilet.svg\u00bb alt=\u00bbdamrakshortstayamsterdam_icon_toilet\u00bb icon_placement=\u00bbleft\u00bb _builder_version=\u00bb4.16&#8243; header_line_height=\u00bb1.8em\u00bb global_colors_info=\u00bb{}\u00bb][\/et_pb_blurb][et_pb_blurb title=\u00bbCuna bajo petici\u00f3n\u00bb image=\u00bbhttps:\/\/damrakshortstay.com\/wp-content\/uploads\/\/2019\/11\/damrakshortstayamsterdam_icon_toddlerbed.svg\u00bb alt=\u00bbdamrakshortstayamsterdam_icon_cama de beb\u00e9\u00bb icon_placement=\u00bbleft\u00bb _builder_version=\u00bb4.16&#8243; header_line_height=\u00bb1.8em\u00bb global_colors_info=\u00bb{}\u00bb][\/et_pb_blurb][et_pb_blurb title=\u00bbCaja fuerte (port\u00e1til)\u00bb image=\u00bbhttps:\/\/damrakshortstay.com\/wp-content\/uploads\/\/2020\/01\/damrakshortstayamsterdam_icon_safe.svg\u00bb alt=\u00bbdamrakshortstayamsterdam_icon_cama de beb\u00e9\u00bb icon_placement=\u00bbleft\u00bb _builder_version=\u00bb4.16&#8243; header_line_height=\u00bb1.8em\u00bb global_colors_info=\u00bb{}\u00bb][\/et_pb_blurb][\/et_pb_column][et_pb_column type=\u00bb1_3&#8243; _builder_version=\u00bb4.16&#8243; custom_padding=\u00bb|||\u00bb global_colors_info=\u00bb{}\u00bb custom_padding__hover=\u00bb|||\u00bb][et_pb_blurb title=\u00bbLavadora y secadora\u00bb image=\u00bbhttps:\/\/damrakshortstay.com\/wp-content\/uploads\/\/2019\/11\/damrakshortstayamsterdam_icon_wasmachine.svg\u00bb alt=\u00bbdamrakshortstayamsterdam_icon_wasmachine\u00bb icon_placement=\u00bbleft\u00bb _builder_version=\u00bb4.16&#8243; header_line_height=\u00bb1.8em\u00bb global_colors_info=\u00bb{}\u00bb][\/et_pb_blurb][et_pb_blurb title=\u00bbLavavajillas\u00bb image=\u00bbhttps:\/\/damrakshortstay.com\/wp-content\/uploads\/\/2019\/11\/damrakshortstayamsterdam_icon_dishwasher.svg\u00bb alt=\u00bbdamrakshortstayamsterdam_icon_lavavajillas\u00bb icon_placement=\u00bbleft\u00bb _builder_version=\u00bb4.16&#8243; header_line_height=\u00bb1.8em\u00bb global_colors_info=\u00bb{}\u00bb][\/et_pb_blurb][et_pb_blurb title=\u00bbHorno\u00bb image=\u00bbhttps:\/\/damrakshortstay.com\/wp-content\/uploads\/\/2019\/11\/damrakshortstayamsterdam_icon_oven.svg\u00bb alt=\u00bbdamrakshortstayamsterdam_icon_oven\u00bb icon_placement=\u00bbleft\u00bb _builder_version=\u00bb4.16&#8243; header_line_height=\u00bb1.8em\u00bb global_colors_info=\u00bb{}\u00bb][\/et_pb_blurb][et_pb_blurb title=\u00bbMicroondas\u00bb image=\u00bbhttps:\/\/damrakshortstay.com\/wp-content\/uploads\/\/2019\/11\/damrakshortstayamsterdam_icon_microwave.svg\u00bb alt=\u00bbdamrakshortstayamsterdam_icon_microwave\u00bb icon_placement=\u00bbleft\u00bb _builder_version=\u00bb4.16&#8243; header_line_height=\u00bb1.8em\u00bb global_colors_info=\u00bb{}\u00bb][\/et_pb_blurb][et_pb_blurb title=\u00bbFrigor\u00edfico\u00bb image=\u00bbhttps:\/\/damrakshortstay.com\/wp-content\/uploads\/\/2019\/11\/damrakshortstayamsterdam_icon_refridgerator.svg\u00bb alt=\u00bbdamrakshortstayamsterdam_icon_refridgerator\u00bb icon_placement=\u00bbleft\u00bb _builder_version=\u00bb4.16&#8243; header_line_height=\u00bb1.8em\u00bb global_colors_info=\u00bb{}\u00bb][\/et_pb_blurb][et_pb_blurb title=\u00bbNespresso, qu\u00e9 m\u00e1s&#8230;\u00bb image=\u00bbhttps:\/\/damrakshortstay.com\/wp-content\/uploads\/\/2019\/11\/damrakshortstayamsterdam_icon_nespresso.svg\u00bb alt=\u00bbdamrakshortstayamsterdam_icon_nespresso\u00bb icon_placement=\u00bbleft\u00bb _builder_version=\u00bb4.16&#8243; header_line_height=\u00bb1.8em\u00bb global_colors_info=\u00bb{}\u00bb][\/et_pb_blurb][et_pb_blurb title=\u00bbHervidor\u00bb image=\u00bbhttps:\/\/damrakshortstay.com\/wp-content\/uploads\/\/2019\/11\/damrakshortstayamsterdam_icon_kettle.svg\u00bb alt=\u00bbdamrakshortstayamsterdam_icon_kettle\u00bb icon_placement=\u00bbleft\u00bb _builder_version=\u00bb4.16&#8243; header_line_height=\u00bb1.8em\u00bb global_colors_info=\u00bb{}\u00bb][\/et_pb_blurb][\/et_pb_column][et_pb_column type=\u00bb1_3&#8243; _builder_version=\u00bb4.16&#8243; custom_padding=\u00bb|||\u00bb global_colors_info=\u00bb{}\u00bb custom_padding__hover=\u00bb|||\u00bb][et_pb_blurb title=\u00bbMenaje de cocina\u00bb image=\u00bbhttps:\/\/damrakshortstay.com\/wp-content\/uploads\/\/2019\/11\/damrakshortstayamsterdam_icon_kitchenware.svg\u00bb alt=\u00bbdamrakshortstayamsterdam_icon_kitchenware\u00bb icon_placement=\u00bbleft\u00bb _builder_version=\u00bb4.16&#8243; header_line_height=\u00bb1.8em\u00bb global_colors_info=\u00bb{}\u00bb][\/et_pb_blurb][et_pb_blurb title=\u00bbPlancha y tabla\u00bb image=\u00bbhttps:\/\/damrakshortstay.com\/wp-content\/uploads\/\/2019\/11\/damrakshortstayamsterdam_icon_ironingboard.svg\u00bb alt=\u00bbdamrakshortstayamsterdam_icon_planingboard\u00bb icon_placement=\u00bbleft\u00bb _builder_version=\u00bb4.16&#8243; header_line_height=\u00bb1.8em\u00bb global_colors_info=\u00bb{}\u00bb][\/et_pb_blurb][et_pb_blurb title=\u00bbPantalla plana en todas las habitaciones\u00bb image=\u00bbhttps:\/\/damrakshortstay.com\/wp-content\/uploads\/\/2019\/11\/damrakshortstayamsterdam_icon_smarttv.svg\u00bb alt=\u00bbdamrakshortstayamsterdam_icon_smarttv\u00bb icon_placement=\u00bbleft\u00bb _builder_version=\u00bb4.16&#8243; header_line_height=\u00bb1.8em\u00bb global_colors_info=\u00bb{}\u00bb][\/et_pb_blurb][et_pb_blurb title=\u00bbAcogedor sal\u00f3n\u00bb image=\u00bbhttps:\/\/damrakshortstay.com\/wp-content\/uploads\/\/2019\/11\/damrakshortstayamsterdam_icon_livingroom.svg\u00bb alt=\u00bbdamrakshortstayamsterdam_icon_livingroom\u00bb icon_placement=\u00bbleft\u00bb _builder_version=\u00bb4.16&#8243; header_line_height=\u00bb1.8em\u00bb global_colors_info=\u00bb{}\u00bb][\/et_pb_blurb][et_pb_blurb title=\u00bbComedor\u00bb image=\u00bbhttps:\/\/damrakshortstay.com\/wp-content\/uploads\/\/2019\/11\/damrakshortstayamsterdam_icon_diningroom.svg\u00bb alt=\u00bbdamrakshortstayamsterdam_icon_diningroom\u00bb icon_placement=\u00bbleft\u00bb _builder_version=\u00bb4.16&#8243; header_line_height=\u00bb1.8em\u00bb global_colors_info=\u00bb{}\u00bb][\/et_pb_blurb][et_pb_blurb title=\u00bbClimatizaci\u00f3n\u00bb image=\u00bbhttps:\/\/damrakshortstay.com\/wp-content\/uploads\/\/2019\/11\/damrakshortstayamsterdam_icon_climatecontrol.svg\u00bb alt=\u00bbdamrakshortstayamsterdam_icon_climatecontrol\u00bb icon_placement=\u00bbleft\u00bb _builder_version=\u00bb4.16&#8243; header_line_height=\u00bb1.8em\u00bb global_colors_info=\u00bb{}\u00bb][\/et_pb_blurb][et_pb_blurb title=\u00bbServicio de limpieza\u00bb image=\u00bbhttps:\/\/damrakshortstay.com\/wp-content\/uploads\/\/2019\/11\/damrakshortstayamsterdam_icon_housekeeping.svg\u00bb alt=\u00bbdamrakshortstayamsterdam_icon_housekeeping\u00bb icon_placement=\u00bbleft\u00bb _builder_version=\u00bb4.16&#8243; header_line_height=\u00bb1.8em\u00bb global_colors_info=\u00bb{}\u00bb][\/et_pb_blurb][\/et_pb_column][\/et_pb_row][\/et_pb_section][et_pb_section fb_built=\u00bb1&#8243; _builder_version=\u00bb4.16&#8243; global_colors_info=\u00bb{}\u00bb][et_pb_row _builder_version=\u00bb4.16&#8243; global_colors_info=\u00bb{}\u00bb][et_pb_column type=\u00bb4_4&#8243; _builder_version=\u00bb4.16&#8243; global_colors_info=\u00bb{}\u00bb][et_pb_text _builder_version=\u00bb4.16&#8243; text_font=\u00bb||||||||\u00bb text_font_size=\u00bb16px\u00bb text_line_height=\u00bb2em\u00bb header_font=\u00bb||||||||\u00bb header_2_font=\u00bbRaleway|700|||||||\u00bb header_2_font_size=\u00bb50px\u00bb header_2_line_height=\u00bb1.2em\u00bb header_5_font=\u00bbRaleway|700|||||||\u00bb header_5_font_size=\u00bb20px\u00bb header_5_letter_spacing=\u00bb0.5px\u00bb header_5_line_height=\u00bb1.8em\u00bb header_6_font=\u00bbRaleway|700||on|||||\u00bb header_6_font_size=\u00bb16px\u00bb header_6_letter_spacing=\u00bb5px\u00bb header_6_line_height=\u00bb1.8em\u00bb text_orientation=\u00bbcenter\u00bb max_width=\u00bb700px\u00bb max_width_last_edited=\u00bboff|desktop\u00bb module_alignment=\u00bbcenter\u00bb header_2_font_size_tablet=\u00bb35px\u00bb header_2_font_size_phone=\u00bb25px\u00bb header_2_font_size_last_edited=\u00bbon|phone\u00bb global_colors_info=\u00bb{}\u00bb]<\/p>\n<h5><span style=\"font-size: 50px;\">Restaurante<\/span><\/h5>\n<p>Si\u00e9ntase bienvenido a cenar en nuestro Restaurante &amp; Bar Lou Lou&#8217;s en la planta baja.<br \/>Abierto todos los d\u00edas desde el desayuno hasta pasada la medianoche.<br \/>\u00bfPizza para la resaca en tu habitaci\u00f3n? Tambi\u00e9n es posible.<\/p>\n<p>[\/et_pb_text][\/et_pb_column][\/et_pb_row][\/et_pb_section][et_pb_section fb_built=\u00bb1&#8243; admin_label=\u00bbContact\u00bb _builder_version=\u00bb4.0.4&#8243; background_color=\u00bb#b2b9c4&#8243; background_image=\u00bbhttps:\/\/damrakshortstay.com\/wp-content\/uploads\/2019\/10\/damrak-shortstay-amsterdam_apartment_06.jpg\u00bb custom_padding=\u00bb8vw|0px|280px|0px|false|false\u00bb global_module=\u00bb361&#8243; saved_tabs=\u00bball\u00bb locked=\u00bboff\u00bb global_colors_info=\u00bb{}\u00bb][et_pb_row _builder_version=\u00bb4.16&#8243; custom_margin=\u00bb|||\u00bb global_colors_info=\u00bb{}\u00bb][et_pb_column type=\u00bb4_4&#8243; _builder_version=\u00bb4.16&#8243; custom_padding=\u00bb|||\u00bb global_colors_info=\u00bb{}\u00bb custom_padding__hover=\u00bb|||\u00bb][et_pb_text _builder_version=\u00bb4.16&#8243; text_font=\u00bb||||||||\u00bb text_font_size=\u00bb16px\u00bb text_line_height=\u00bb2em\u00bb header_font=\u00bb||||||||\u00bb header_2_font=\u00bbRaleway|700|||||||\u00bb header_2_font_size=\u00bb50px\u00bb header_2_line_height=\u00bb1.2em\u00bb header_6_font=\u00bbRaleway|700||on|||||\u00bb header_6_font_size=\u00bb16px\u00bb header_6_letter_spacing=\u00bb5px\u00bb header_6_line_height=\u00bb1.8em\u00bb background_layout=\u00bbdark\u00bb max_width_tablet=\u00bb\u00bb max_width_phone=\u00bb\u00bb max_width_last_edited=\u00bbon|desktop\u00bb header_2_font_size_tablet=\u00bb35px\u00bb header_2_font_size_phone=\u00bb25px\u00bb header_2_font_size_last_edited=\u00bbon|phone\u00bb global_colors_info=\u00bb{}\u00bb]<\/p>\n<h6 style=\"text-align: center;\">\u00bfTiene alguna pregunta?<\/h6>\n<h2 style=\"text-align: center;\">Hable con el anfitri\u00f3n<\/h2>\n<p>[\/et_pb_text][et_pb_button button_url=\u00bbhttps:\/\/damrakshortstay.com\/es\/pongase-en-contacto-con\/\u00bb button_text=\u00bbP\u00f3ngase en contacto\u00bb button_alignment=\u00bbcenter\u00bb module_class=\u00bbbutton_contact\u00bb _builder_version=\u00bb4.16&#8243; button_text_color=\u00bb#828c91&#8243; button_bg_color=\u00bb#ffffff\u00bb button_border_width=\u00bb10px\u00bb button_border_radius_hover=\u00bb0px\u00bb locked=\u00bboff\u00bb global_colors_info=\u00bb{}\u00bb button_one_text_size__hover_enabled=\u00bboff\u00bb button_two_text_size__hover_enabled=\u00bboff\u00bb button_one_text_color__hover_enabled=\u00bboff\u00bb button_two_text_color__hover_enabled=\u00bboff\u00bb button_one_border_width__hover_enabled=\u00bboff\u00bb button_two_border_width__hover_enabled=\u00bboff\u00bb button_one_border_color__hover_enabled=\u00bboff\u00bb button_two_border_color__hover_enabled=\u00bboff\u00bb button_one_border_radius__hover_enabled=\u00bboff\u00bb button_two_border_radius__hover_enabled=\u00bboff\u00bb button_one_letter_spacing__hover_enabled=\u00bboff\u00bb button_two_letter_spacing__hover_enabled=\u00bboff\u00bb button_one_bg_color__hover_enabled=\u00bboff\u00bb button_two_bg_color__hover_enabled=\u00bboff\u00bb][\/et_pb_button][\/et_pb_column][\/et_pb_row][\/et_pb_section]<\/p>\n","protected":false},"excerpt":{"rendered":"<p>Instalaciones \u00bfHemos mencionado ya lo fant\u00e1sticos que son nuestros apartamentos? Todo completamente renovado conservando rasgos caracter\u00edsticos y equipado con todo el lujo de hoy. Por ejemplo, cada dormitorio tiene un cuarto de ba\u00f1o independiente con aseo y tambi\u00e9n un aseo en el pasillo. Todas las cocinas est\u00e1n equipadas con lo m\u00e1s moderno. Todo para que [&hellip;]<\/p>\n","protected":false},"author":1,"featured_media":0,"parent":0,"menu_order":0,"comment_status":"closed","ping_status":"closed","template":"","meta":{"_et_pb_use_builder":"on","_et_pb_old_content":"","_et_gb_content_width":"","footnotes":""},"class_list":["post-1713","page","type-page","status-publish","hentry"],"_links":{"self":[{"href":"https:\/\/damrakshortstay.com\/es\/wp-json\/wp\/v2\/pages\/1713","targetHints":{"allow":["GET"]}}],"collection":[{"href":"https:\/\/damrakshortstay.com\/es\/wp-json\/wp\/v2\/pages"}],"about":[{"href":"https:\/\/damrakshortstay.com\/es\/wp-json\/wp\/v2\/types\/page"}],"author":[{"embeddable":true,"href":"https:\/\/damrakshortstay.com\/es\/wp-json\/wp\/v2\/users\/1"}],"replies":[{"embeddable":true,"href":"https:\/\/damrakshortstay.com\/es\/wp-json\/wp\/v2\/comments?post=1713"}],"version-history":[{"count":12,"href":"https:\/\/damrakshortstay.com\/es\/wp-json\/wp\/v2\/pages\/1713\/revisions"}],"predecessor-version":[{"id":1871,"href":"https:\/\/damrakshortstay.com\/es\/wp-json\/wp\/v2\/pages\/1713\/revisions\/1871"}],"wp:attachment":[{"href":"https:\/\/damrakshortstay.com\/es\/wp-json\/wp\/v2\/media?parent=1713"}],"curies":[{"name":"wp","href":"https:\/\/api.w.org\/{rel}","templated":true}]}}