{"id":1685,"date":"2019-11-13T12:35:29","date_gmt":"2019-11-13T12:35:29","guid":{"rendered":"https:\/\/damrakshortstay.com\/politica-de-facturacion\/"},"modified":"2024-03-08T20:28:59","modified_gmt":"2024-03-08T20:28:59","slug":"politica-de-facturacion","status":"publish","type":"page","link":"https:\/\/damrakshortstay.com\/es\/politica-de-facturacion\/","title":{"rendered":"Pol\u00edtica de facturaci\u00f3n"},"content":{"rendered":"<p>[et_pb_section fb_built=\u00bb1&#8243; admin_label=\u00bbHeader\u00bb _builder_version=\u00bb4.0.6&#8243; background_image=\u00bbhttps:\/\/damrakshortstay.com\/wp-content\/uploads\/2019\/11\/damrakshortstay_stairs.jpg\u00bb height=\u00bb450px\u00bb custom_margin=\u00bb|||\u00bb custom_padding=\u00bb8vw||8vw||true\u00bb][et_pb_row _builder_version=\u00bb3.25&#8243;][et_pb_column type=\u00bb4_4&#8243; _builder_version=\u00bb3.25&#8243; custom_padding=\u00bb|||\u00bb custom_padding__hover=\u00bb|||\u00bb][et_pb_text _builder_version=\u00bb4.0.6&#8243; text_font=\u00bb||||||||\u00bb header_font=\u00bbRaleway|700|||||||\u00bb header_font_size=\u00bb80px\u00bb header_line_height=\u00bb1.2em\u00bb header_5_font=\u00bbRaleway|700||on|||||\u00bb header_5_text_color=\u00bb#000000&#8243; header_5_font_size=\u00bb20px\u00bb header_5_letter_spacing=\u00bb0.5em\u00bb header_5_line_height=\u00bb1.8em\u00bb animation_style=\u00bbzoom\u00bb animation_intensity_zoom=\u00bb5%\u00bb header_font_size_tablet=\u00bb48px\u00bb header_font_size_phone=\u00bb32px\u00bb header_font_size_last_edited=\u00bbon|phone\u00bb header_5_font_size_tablet=\u00bb14px\u00bb header_5_font_size_phone=\u00bb12px\u00bb header_5_font_size_last_edited=\u00bbon|desktop\u00bb]<\/p>\n<h5> <span style=\"color: #504f4e; font-size: 80px;\"> <\/span><\/h5>\n<p>[\/et_pb_text][\/et_pb_column][\/et_pb_row][\/et_pb_section][et_pb_section fb_built=\u00bb1&#8243; admin_label=\u00bbRoom Details\u00bb _builder_version=\u00bb3.22&#8243;][et_pb_row custom_padding_last_edited=\u00bbon|desktop\u00bb _builder_version=\u00bb3.25&#8243; custom_padding=\u00bb27px|100px|27px|100px|false|false\u00bb custom_padding_tablet=\u00bb|0px||0px||true\u00bb custom_padding_phone=\u00bb\u00bb][et_pb_column type=\u00bb4_4&#8243; _builder_version=\u00bb3.25&#8243; custom_padding=\u00bb|||\u00bb custom_padding__hover=\u00bb|||\u00bb][et_pb_text _builder_version=\u00bb4.0.6&#8243; text_font=\u00bb||||||||\u00bb text_font_size=\u00bb16px\u00bb text_line_height=\u00bb2em\u00bb header_font=\u00bb||||||||\u00bb header_2_font=\u00bbRaleway|700|||||||\u00bb header_2_font_size=\u00bb50px\u00bb header_2_line_height=\u00bb1.2em\u00bb header_6_font=\u00bbRaleway|700||on|||||\u00bb header_6_font_size=\u00bb16px\u00bb header_6_letter_spacing=\u00bb5px\u00bb header_6_line_height=\u00bb1.8em\u00bb text_orientation=\u00bbcenter\u00bb max_width=\u00bb700px\u00bb max_width_last_edited=\u00bboff|desktop\u00bb module_alignment=\u00bbcenter\u00bb header_2_font_size_tablet=\u00bb35px\u00bb header_2_font_size_phone=\u00bb25px\u00bb header_2_font_size_last_edited=\u00bbon|phone\u00bb]<\/p>\n<h2>Registro de entrada y salida<\/h2>\n<p>[\/et_pb_text][\/et_pb_column][\/et_pb_row][et_pb_row column_structure=\u00bb1_2,1_2&#8243; disabled_on=\u00bbon|off|off\u00bb _builder_version=\u00bb4.0.6&#8243; custom_margin=\u00bb7px|auto||auto||\u00bb custom_padding=\u00bb15px|||||\u00bb border_color_all=\u00bb#f5f5f5&#8243; global_module=\u00bb384&#8243; saved_tabs=\u00bball\u00bb locked=\u00bboff\u00bb][et_pb_column type=\u00bb1_2&#8243; _builder_version=\u00bb3.25&#8243; custom_padding=\u00bb|||\u00bb custom_padding__hover=\u00bb|||\u00bb][et_pb_blurb title=\u00bbRegistro y salida\u00bb _builder_version=\u00bb4.0.6&#8243; header_level=\u00bbh5&#8243; header_font=\u00bbRaleway|700|||||||\u00bb header_font_size=\u00bb20px\u00bb header_line_height=\u00bb1.2em\u00bb body_font=\u00bb||||||||\u00bb body_line_height=\u00bb2em\u00bb custom_margin=\u00bb||10px|\u00bb custom_padding=\u00bb40px|40px|40px|40px|false|false\u00bb border_width_all=\u00bb2px\u00bb border_color_all=\u00bb#f5f5f5&#8243;]<\/p>\n<div class=\"page\" title=\"P\u00e1gina 3\">\n<div class=\"layoutArea\">\n<div class=\"column\">\n<p><strong><\/strong><\/p>\n<p><strong>La hora de entrada es a partir de las 15:00 horas.<\/strong><\/p>\n<p><span>El check-in tiene lugar en nuestro restaurante Bravi Ragazzi. Nuestro anfitri\u00f3n estar\u00e1 encantado de ayudarle en el bar. Una vez que entre en su apartamento, su aventura en \u00c1msterdam puede por fin comenzar.<\/span><\/p>\n<p><span>Si hay disponibilidad suficiente, es posible registrarse antes de las 15:00 horas. Tenga en cuenta que la empresa no est\u00e1 obligada a conceder a los clientes un check-in anticipado.<\/span><\/p>\n<p><span><\/span><\/p>\n<p><span><\/span><\/p>\n<div class=\"page\" title=\"P\u00e1gina 3\">\n<div class=\"layoutArea\">\n<div class=\"column\">\n<p><strong><\/strong><\/p>\n<p><strong>La hora de salida es antes de las 11:00 horas.<\/strong><\/p>\n<p><span>Salvo que se acuerde lo contrario por adelantado, todos los apartamentos deben quedar libres antes de las 11.00 horas del d\u00eda de salida.  <\/span><\/p>\n<\/div>\n<\/div>\n<\/div>\n<\/div>\n<\/div>\n<\/div>\n<p>[\/et_pb_blurb][\/et_pb_column][et_pb_column type=\u00bb1_2&#8243; _builder_version=\u00bb3.25&#8243; custom_padding=\u00bb|||\u00bb custom_padding__hover=\u00bb|||\u00bb][et_pb_blurb title=\u00bbPol\u00edtica de cancelaci\u00f3n\u00bb _builder_version=\u00bb4.0.6&#8243; header_level=\u00bbh5&#8243; header_font=\u00bbRaleway|700|||||||\u00bb header_font_size=\u00bb20px\u00bb header_line_height=\u00bb1.2em\u00bb body_font=\u00bb||||||||\u00bb body_line_height=\u00bb2em\u00bb custom_margin=\u00bb||0px||false|false\u00bb custom_padding=\u00bb40px|40px|40px|40px|false|false\u00bb border_width_all=\u00bb2px\u00bb border_color_all=\u00bb#f5f5f5&#8243;]<\/p>\n<p>Para cancelaciones o cambios hasta 30 d\u00edas antes de la fecha de llegada, no se cargar\u00e1n gastos.  <span style=\"font-size: 14px;\">Si se cancela o modifica posteriormente y en caso de no presentarse, se cargar\u00e1 el importe total.<\/span><\/p>\n<p>En caso de anulaciones y cambios durante la estancia, se cargar\u00e1 el total de la reserva o no se devolver\u00e1 el dinero.<\/p>\n<p>La cancelaci\u00f3n de una reserva s\u00f3lo ser\u00e1 efectiva a partir de la fecha de recepci\u00f3n por escrito a <a href=\"mailto:reservations@damrakshortstay.com\">reservations@damrakshortstay.com.<\/a> <span style=\"font-size: 14px;\">Usted es responsable de recibir la cancelaci\u00f3n.<\/span><\/p>\n<p>Las reservas efectuadas a trav\u00e9s de sitios web afiliados (como Booking.com, Expedia) s\u00f3lo pueden cancelarse si la cancelaci\u00f3n se realiza a trav\u00e9s del sitio web afiliado correspondiente.<\/p>\n<p>[\/et_pb_blurb][\/et_pb_column][\/et_pb_row][\/et_pb_section]<\/p>\n","protected":false},"excerpt":{"rendered":"<p>Registro de entrada y salida La hora de entrada es a partir de las 15:00 horas. El check-in tiene lugar en nuestro restaurante Bravi Ragazzi. Nuestro anfitri\u00f3n estar\u00e1 encantado de ayudarle en el bar. Una vez que entre en su apartamento, su aventura en \u00c1msterdam puede por fin comenzar. Si hay disponibilidad suficiente, es posible [&hellip;]<\/p>\n","protected":false},"author":1,"featured_media":0,"parent":0,"menu_order":0,"comment_status":"closed","ping_status":"closed","template":"","meta":{"_et_pb_use_builder":"on","_et_pb_old_content":"","_et_gb_content_width":"","footnotes":""},"class_list":["post-1685","page","type-page","status-publish","hentry"],"_links":{"self":[{"href":"https:\/\/damrakshortstay.com\/es\/wp-json\/wp\/v2\/pages\/1685","targetHints":{"allow":["GET"]}}],"collection":[{"href":"https:\/\/damrakshortstay.com\/es\/wp-json\/wp\/v2\/pages"}],"about":[{"href":"https:\/\/damrakshortstay.com\/es\/wp-json\/wp\/v2\/types\/page"}],"author":[{"embeddable":true,"href":"https:\/\/damrakshortstay.com\/es\/wp-json\/wp\/v2\/users\/1"}],"replies":[{"embeddable":true,"href":"https:\/\/damrakshortstay.com\/es\/wp-json\/wp\/v2\/comments?post=1685"}],"version-history":[{"count":1,"href":"https:\/\/damrakshortstay.com\/es\/wp-json\/wp\/v2\/pages\/1685\/revisions"}],"predecessor-version":[{"id":1690,"href":"https:\/\/damrakshortstay.com\/es\/wp-json\/wp\/v2\/pages\/1685\/revisions\/1690"}],"wp:attachment":[{"href":"https:\/\/damrakshortstay.com\/es\/wp-json\/wp\/v2\/media?parent=1685"}],"curies":[{"name":"wp","href":"https:\/\/api.w.org\/{rel}","templated":true}]}}