{"id":1614,"date":"2019-11-12T19:33:40","date_gmt":"2019-11-12T19:33:40","guid":{"rendered":"https:\/\/damrakshortstay.com\/apartamento-queen\/"},"modified":"2024-03-08T19:58:13","modified_gmt":"2024-03-08T19:58:13","slug":"apartamento-queen","status":"publish","type":"page","link":"https:\/\/damrakshortstay.com\/es\/apartamento-queen\/","title":{"rendered":"Apartamento Queen"},"content":{"rendered":"<p>[et_pb_section fb_built=\u00bb1&#8243; admin_label=\u00bbHeader\u00bb _builder_version=\u00bb4.0.6&#8243; background_image=\u00bbhttps:\/\/damrakshortstay.com\/wp-content\/uploads\/2019\/10\/damrak-shortstay-amsterdam_apartment_18.jpg\u00bb height=\u00bb450px\u00bb custom_margin=\u00bb|||\u00bb custom_padding=\u00bb8vw||8vw||true\u00bb][et_pb_row _builder_version=\u00bb3.25&#8243;][et_pb_column type=\u00bb4_4&#8243; _builder_version=\u00bb3.25&#8243; custom_padding=\u00bb|||\u00bb custom_padding__hover=\u00bb|||\u00bb][et_pb_text _builder_version=\u00bb4.0.6&#8243; text_font=\u00bb||||||||\u00bb header_font=\u00bbRaleway|700|||||||\u00bb header_font_size=\u00bb80px\u00bb header_line_height=\u00bb1.2em\u00bb header_5_font=\u00bbRaleway|700||on|||||\u00bb header_5_text_color=\u00bb#000000&#8243; header_5_font_size=\u00bb20px\u00bb header_5_letter_spacing=\u00bb0.5em\u00bb header_5_line_height=\u00bb1.8em\u00bb animation_style=\u00bbzoom\u00bb animation_intensity_zoom=\u00bb5%\u00bb header_font_size_tablet=\u00bb48px\u00bb header_font_size_phone=\u00bb32px\u00bb header_font_size_last_edited=\u00bbon|phone\u00bb header_5_font_size_tablet=\u00bb14px\u00bb header_5_font_size_phone=\u00bb12px\u00bb header_5_font_size_last_edited=\u00bbon|desktop\u00bb]<\/p>\n<h5> <span style=\"color: #504f4e; font-size: 80px;\"> <\/span><\/h5>\n<p>[\/et_pb_text][\/et_pb_column][\/et_pb_row][\/et_pb_section][et_pb_section fb_built=\u00bb1&#8243; admin_label=\u00bbRoom Details\u00bb _builder_version=\u00bb3.22&#8243;][et_pb_row custom_padding_last_edited=\u00bbon|desktop\u00bb _builder_version=\u00bb3.25&#8243; custom_padding=\u00bb27px|100px|27px|100px|false|false\u00bb custom_padding_tablet=\u00bb|0px||0px||true\u00bb custom_padding_phone=\u00bb\u00bb][et_pb_column type=\u00bb4_4&#8243; _builder_version=\u00bb3.25&#8243; custom_padding=\u00bb|||\u00bb custom_padding__hover=\u00bb|||\u00bb][et_pb_text _builder_version=\u00bb4.0.6&#8243; text_font=\u00bb||||||||\u00bb text_font_size=\u00bb16px\u00bb text_line_height=\u00bb2em\u00bb header_font=\u00bb||||||||\u00bb header_2_font=\u00bbRaleway|700|||||||\u00bb header_2_font_size=\u00bb50px\u00bb header_2_line_height=\u00bb1.2em\u00bb header_6_font=\u00bbRaleway|700||on|||||\u00bb header_6_font_size=\u00bb16px\u00bb header_6_letter_spacing=\u00bb5px\u00bb header_6_line_height=\u00bb1.8em\u00bb text_orientation=\u00bbcenter\u00bb max_width=\u00bb700px\u00bb max_width_last_edited=\u00bboff|desktop\u00bb module_alignment=\u00bbcenter\u00bb header_2_font_size_tablet=\u00bb35px\u00bb header_2_font_size_phone=\u00bb25px\u00bb header_2_font_size_last_edited=\u00bbon|phone\u00bb]<\/p>\n<h2>Apartamento Queen<\/h2>\n<p>Un apartamento realmente c\u00f3modo y acogedor en el coraz\u00f3n de \u00c1msterdam, que te hace sentir como en casa. Con una relajante sala de estar y una cocina totalmente equipada.<br \/>\nDese tiempo para comenzar su aventura urbana en este hotel de estilo de vida por excelencia, a pocos pasos del centro cultural de \u00c1msterdam.[\/et_pb_text][\/et_pb_column][\/et_pb_row][et_pb_row column_structure=\u00bb1_2,1_2&#8243; use_custom_gutter=\u00bbon\u00bb make_equal=\u00bbon\u00bb padding_top_bottom_link_2=\u00bbtrue\u00bb _builder_version=\u00bb3.25&#8243; width=\u00bb100%\u00bb max_width=\u00bb100%\u00bb custom_margin=\u00bb-9px|auto|-9px|auto|true|\u00bb custom_padding=\u00bb|||\u00bb use_custom_width=\u00bbon\u00bb width_unit=\u00bboff\u00bb custom_width_percent=\u00bb100%\u00bb][et_pb_column type=\u00bb1_2&#8243; _builder_version=\u00bb3.25&#8243; custom_padding=\u00bb|||\u00bb custom_padding__hover=\u00bb|||\u00bb][et_pb_image src=\u00bbhttps:\/\/damrakshortstay.com\/wp-content\/uploads\/2019\/11\/damrak-shortstay-amsterdam_apartment_15.jpg\u00bb alt=\u00bbdamrak-shortstay-amsterdam_apartment_15&#8243; force_fullwidth=\u00bbon\u00bb align_tablet=\u00bbcenter\u00bb align_phone=\u00bb\u00bb align_last_edited=\u00bbon|desktop\u00bb _builder_version=\u00bb4.0.6&#8243; custom_margin=\u00bb|||\u00bb custom_margin_tablet=\u00bb||0px|\u00bb custom_margin_last_edited=\u00bboff|desktop\u00bb animation_style=\u00bbslide\u00bb animation_direction=\u00bbleft\u00bb animation_intensity_slide=\u00bb5%\u00bb][\/et_pb_image][\/et_pb_column][et_pb_column type=\u00bb1_2&#8243; _builder_version=\u00bb3.25&#8243; custom_padding=\u00bb50px|10%|50px|\u00bb custom_padding_tablet=\u00bb0px|10%|0px|10%|true|true\u00bb custom_padding_phone=\u00bb\u00bb custom_padding_last_edited=\u00bbon|tablet\u00bb padding_tablet=\u00bb0px|10%|0px|10%|true|true\u00bb padding_last_edited=\u00bbon|tablet\u00bb custom_padding__hover=\u00bb|||\u00bb][et_pb_text _builder_version=\u00bb4.0.6&#8243; text_font=\u00bb||||||||\u00bb text_font_size=\u00bb16px\u00bb text_line_height=\u00bb2em\u00bb ul_font=\u00bb||||||||\u00bb ul_line_height=\u00bb2em\u00bb header_font=\u00bb||||||||\u00bb header_3_font=\u00bbRaleway|700|||||||\u00bb header_3_font_size=\u00bb40px\u00bb header_3_line_height=\u00bb1.4em\u00bb header_3_font_size_tablet=\u00bb35px\u00bb header_3_font_size_phone=\u00bb25px\u00bb header_3_font_size_last_edited=\u00bbon|phone\u00bb]<\/p>\n<h3>C\u00f3modo y acogedor<\/h3>\n<p>Conoce nuestro apartamento Queen. Tiene todas las comodidades. Y aunque el Apartamento Queen es nuestro apartamento \u00abm\u00e1s peque\u00f1o\u00bb, no echar\u00e1s nada en falta. El apartamento tiene 55 m\u00b2.<\/p>\n<p>El apartamento tiene 2 dormitorios, ambos con cuarto de ba\u00f1o y aseo independientes. Siente la calidez del amplio sal\u00f3n cocina. Una acogedora zona de comedor y una relajante tumbona con Wifi gratuito para ver tu serie favorita de Netflix.<\/p>\n<p>[\/et_pb_text][et_pb_text _builder_version=\u00bb4.0.6&#8243; text_font=\u00bbRaleway|700|||||||\u00bb text_text_color=\u00bb#333333&#8243; text_font_size=\u00bb34px\u00bb text_line_height=\u00bb1.4em\u00bb header_font=\u00bb||||||||\u00bb header_5_font=\u00bb||||||||\u00bb header_5_text_color=\u00bb#666666&#8243; header_5_font_size=\u00bb14px\u00bb header_6_text_color=\u00bb#5b8500&#8243; header_6_font_size=\u00bb12px\u00bb hover_enabled=\u00bb0&#8243; locked=\u00bboff\u00bb]<\/p>\n<h5>El precio var\u00eda por noche<\/h5>\n<p>desde 280<\/p>\n<h6><\/h6>\n<h6>estancia m\u00ednima 7 noches<\/h6>\n<p>[\/et_pb_text][et_pb_code disabled_on=\u00bboff|off|off\u00bb _builder_version=\u00bb4.0.6&#8243;]<a href=\"https:\/\/booking.roomraccoon.com\/damrak-shortstay\/en\/\" target=\"_blank\" class=\"RoomRaccoonButton1 RoomRaccoonButton1-en\" style=\"position:relative; font-size:17px; line-height:36px; padding:15px 16px; border:none; border-radius:0px; background:#85754E; color:#FFFFFF; cursor:pointer; text-decoration:none;\" rel=\"noopener noreferrer\">Reservar este apartamento<\/a>[\/et_pb_code][\/et_pb_column][\/et_pb_row][et_pb_row _builder_version=\u00bb4.0.6&#8243;][et_pb_column type=\u00bb4_4&#8243; _builder_version=\u00bb4.0.6&#8243;][et_pb_gallery gallery_ids=\u00bb1544,1538,1540,1542,1554,1552,1570,1566,1576,1578,1562,1580&#8243; posts_number=\u00bb8&#8243; show_title_and_caption=\u00bboff\u00bb show_pagination=\u00bboff\u00bb _builder_version=\u00bb4.0.6&#8243;][\/et_pb_gallery][\/et_pb_column][\/et_pb_row][et_pb_row disabled_on=\u00bboff|off|off\u00bb _builder_version=\u00bb4.0.6&#8243; width=\u00bb100%\u00bb max_width=\u00bb2560px\u00bb global_module=\u00bb1167&#8243; saved_tabs=\u00bball\u00bb][et_pb_column type=\u00bb4_4&#8243; _builder_version=\u00bb4.0.3&#8243;][et_pb_code _builder_version=\u00bb4.0.6&#8243; background_enable_color=\u00bboff\u00bb text_orientation=\u00bbcenter\u00bb width=\u00bb100%\u00bb module_alignment=\u00bbcenter\u00bb custom_padding=\u00bb40px||40px|||\u00bb]<\/p>\n<div class=\"et_pb-wrapper\"><!-- [et_pb_line_break_holder] --><!-- [et_pb_line_break_holder] --><\/p>\n<div class=\"RoomRaccoon-BookingEngine\"><!-- [et_pb_line_break_holder] -->  <\/p>\n<div class=\"booking-from\"><!-- [et_pb_line_break_holder] -->    <label>Llegada:<\/label><!-- [et_pb_line_break_holder] -->    <input id=\"startDate-en\" name=\"dateStart\" type=\"date\" value=\"\"><!-- [et_pb_line_break_holder] -->  <\/div>\n<p><!-- [et_pb_line_break_holder] -->  <\/p>\n<div class=\"booking-to\"><!-- [et_pb_line_break_holder] -->    <label>Salida:<\/label><!-- [et_pb_line_break_holder] -->    <input id=\"endDate-en\" name=\"dateEnd\" type=\"date\" value=\"\"><!-- [et_pb_line_break_holder] -->  <\/div>\n<p><!-- [et_pb_line_break_holder] -->  <script><!-- [et_pb_line_break_holder] -->  var date = new Date();<!-- [et_pb_line_break_holder] -->  var formatFixMonth, formatFixDay;<!-- [et_pb_line_break_holder] -->  if( date.getMonth() <9 ){ formatFixMonth = 0; }else{ formatFixMonth = \"\"; }<!-- [et_pb_line_break_holder] -->  if( date.getDate() <9 ){ formatFixDay = 0; }else{ formatFixDay = \"\"; }<!-- [et_pb_line_break_holder] -->  var today = date.getFullYear() + \"-\" + formatFixMonth + (date.getMonth()+1) + \"-\" + formatFixDay + date.getDate();<!-- [et_pb_line_break_holder] --><!-- [et_pb_line_break_holder] -->  date.setDate(date.getDate()+1);<!-- [et_pb_line_break_holder] -->  if( date.getMonth() <9 ){ formatFixMonth = 0; }else{ formatFixMonth = \"\"; }<!-- [et_pb_line_break_holder] -->  if( date.getDate() <9 ){ formatFixDay = 0; }else{ formatFixDay = \"\"; }<!-- [et_pb_line_break_holder] -->  var tomorrow = date.getFullYear() + \"-\" + formatFixMonth + (date.getMonth()+1) + \"-\" + formatFixDay + date.getDate();<!-- [et_pb_line_break_holder] --><!-- [et_pb_line_break_holder] -->  document.getElementById(\"startDate-en\").value = today;<!-- [et_pb_line_break_holder] -->  document.getElementById(\"endDate-en\").value = tomorrow;<!-- [et_pb_line_break_holder] -->  <\/script><!-- [et_pb_line_break_holder] -->  <\/p>\n<div class=\"check-button\"><!-- [et_pb_line_break_holder] -->    <a class=\"RoomRaccoonButton2 RoomRaccoonButton2-nl\" onclick=\"window.open(\"https:\\\/\\\/booking.roomraccoon.com\\\/damrak-shortstay\\\/en\\\/?dateStart=\"+document.getElementById(\"startDate-en\").value+\"&amp;dateEnd=\"+document.getElementById(\"endDate-en\").value+\"\", \"_blank\");\">Consultar disponibilidad<\/a><!-- [et_pb_line_break_holder] -->  <\/div>\n<p><!-- [et_pb_line_break_holder] --><\/div>\n<p><!-- [et_pb_line_break_holder] --><!-- [et_pb_line_break_holder] --><\/div>\n<p>[\/et_pb_code][\/et_pb_column][\/et_pb_row][et_pb_row _builder_version=\u00bb4.0.6&#8243;][et_pb_column type=\u00bb4_4&#8243; _builder_version=\u00bb4.0.6&#8243;][et_pb_text _builder_version=\u00bb4.0.6&#8243; text_font=\u00bb||||||||\u00bb text_font_size=\u00bb16px\u00bb text_line_height=\u00bb2em\u00bb ul_font=\u00bb||||||||\u00bb ul_line_height=\u00bb2em\u00bb header_font=\u00bb||||||||\u00bb header_3_font=\u00bbRaleway|700|||||||\u00bb header_3_font_size=\u00bb40px\u00bb header_3_line_height=\u00bb1.4em\u00bb text_orientation=\u00bbcenter\u00bb header_3_font_size_tablet=\u00bb35px\u00bb header_3_font_size_phone=\u00bb25px\u00bb header_3_font_size_last_edited=\u00bbon|phone\u00bb]<\/p>\n<h3>Plano<\/h3>\n<p>Para que se haga una idea de nuestros apartamentos Queen, aqu\u00ed encontrar\u00e1 el plano de planta. Si tiene alguna preferencia espec\u00edfica, h\u00e1ganosla saber por tel\u00e9fono.<\/p>\n<p>[\/et_pb_text][\/et_pb_column][\/et_pb_row][et_pb_row column_structure=\u00bb1_3,1_3,1_3&#8243; _builder_version=\u00bb4.0.6&#8243;][et_pb_column type=\u00bb1_3&#8243; _builder_version=\u00bb4.0.6&#8243;][\/et_pb_column][et_pb_column type=\u00bb1_3&#8243; _builder_version=\u00bb4.0.6&#8243;][et_pb_gallery gallery_ids=\u00bb1582&#8243; posts_number=\u00bb1&#8243; show_title_and_caption=\u00bboff\u00bb show_pagination=\u00bboff\u00bb _builder_version=\u00bb4.0.6&#8243;][\/et_pb_gallery][et_pb_text _builder_version=\u00bb4.0.6&#8243; text_font=\u00bb|600|||||||\u00bb text_orientation=\u00bbcenter\u00bb]<\/p>\n<p>Plano del apartamento Queen<\/p>\n<p><strong>55 m\u00b2<\/strong><\/p>\n<p>[\/et_pb_text][\/et_pb_column][et_pb_column type=\u00bb1_3&#8243; _builder_version=\u00bb4.0.6&#8243;][\/et_pb_column][\/et_pb_row][\/et_pb_section][et_pb_section fb_built=\u00bb1&#8243; admin_label=\u00bbAmenities Title\u00bb _builder_version=\u00bb4.0.4&#8243; use_background_color_gradient=\u00bbon\u00bb background_color_gradient_start=\u00bbrgba(133,117,78,0.12)\u00bb background_color_gradient_end=\u00bb#85754E\u00bb background_color_gradient_overlays_image=\u00bbon\u00bb background_image=\u00bbhttps:\/\/damrakshortstay.com\/wp-content\/uploads\/2019\/10\/damrak-shortstay-amsterdam_apartment_15.jpg\u00bb custom_padding=\u00bb8vw|0px|280px|0px|false|false\u00bb][et_pb_row _builder_version=\u00bb3.25&#8243; custom_margin=\u00bb|||\u00bb locked=\u00bboff\u00bb][et_pb_column type=\u00bb4_4&#8243; _builder_version=\u00bb3.25&#8243; custom_padding=\u00bb|||\u00bb custom_padding__hover=\u00bb|||\u00bb][et_pb_text _builder_version=\u00bb3.27.4&#8243; text_font=\u00bb||||||||\u00bb text_font_size=\u00bb16px\u00bb text_line_height=\u00bb2em\u00bb header_font=\u00bb||||||||\u00bb header_2_font=\u00bbRaleway|700|||||||\u00bb header_2_font_size=\u00bb50px\u00bb header_2_line_height=\u00bb1.2em\u00bb header_6_font=\u00bbRaleway|700||on|||||\u00bb header_6_font_size=\u00bb16px\u00bb header_6_letter_spacing=\u00bb5px\u00bb header_6_line_height=\u00bb1.8em\u00bb background_layout=\u00bbdark\u00bb max_width_tablet=\u00bb\u00bb max_width_phone=\u00bb\u00bb max_width_last_edited=\u00bbon|desktop\u00bb header_2_font_size_tablet=\u00bb35px\u00bb header_2_font_size_phone=\u00bb25px\u00bb header_2_font_size_last_edited=\u00bbon|phone\u00bb locked=\u00bboff\u00bb]<\/p>\n<h6>Servicios<\/h6>\n<h2>Apartamento Queen Incluye&#8230;<\/h2>\n<p>[\/et_pb_text][\/et_pb_column][\/et_pb_row][\/et_pb_section][et_pb_section fb_built=\u00bb1&#8243; admin_label=\u00bbAmenities\u00bb _builder_version=\u00bb3.22&#8243; background_color=\u00bb#ffffff\u00bb max_width=\u00bb90%\u00bb max_width_tablet=\u00bb\u00bb max_width_phone=\u00bb100%\u00bb max_width_last_edited=\u00bbon|phone\u00bb custom_margin=\u00bb-160px|||\u00bb border_color_all=\u00bb#ffffff\u00bb border_width_left=\u00bb10vw\u00bb locked=\u00bboff\u00bb][et_pb_row column_structure=\u00bb1_3,1_3,1_3&#8243; _builder_version=\u00bb4.0.6&#8243; custom_padding=\u00bb||30px|||\u00bb saved_tabs=\u00bball\u00bb][et_pb_column type=\u00bb1_3&#8243; _builder_version=\u00bb3.25&#8243; custom_padding=\u00bb|||\u00bb custom_padding__hover=\u00bb|||\u00bb][et_pb_blurb title=\u00bbWifi superr\u00e1pido gratuito\u00bb image=\u00bbhttps:\/\/damrakshortstay.com\/wp-content\/uploads\/\/2019\/11\/damrakshortstayamsterdam_icon_freewifi.svg\u00bb alt=\u00bbdamrakshortstayamsterdam_icon_freewifi\u00bb icon_placement=\u00bbleft\u00bb _builder_version=\u00bb4.0.6&#8243; header_line_height=\u00bb1.8em\u00bb][\/et_pb_blurb][et_pb_blurb title=\u00bbToallas\u00bb image=\u00bbhttps:\/\/damrakshortstay.com\/wp-content\/uploads\/\/2019\/11\/damrakshortstayamsterdam_icon_towel.svg\u00bb alt=\u00bbdamrakshortstayamsterdam_icon_toalla\u00bb icon_placement=\u00bbleft\u00bb _builder_version=\u00bb4.0.6&#8243; header_line_height=\u00bb1.8em\u00bb][\/et_pb_blurb][et_pb_blurb title=\u00bbRopa de cama\u00bb image=\u00bbhttps:\/\/damrakshortstay.com\/wp-content\/uploads\/\/2019\/11\/damrakshortstayamsterdam_icon_towel.svg\u00bb alt=\u00bbdamrakshortstayamsterdam_icon_toalla\u00bb icon_placement=\u00bbleft\u00bb _builder_version=\u00bb4.0.6&#8243; header_line_height=\u00bb1.8em\u00bb][\/et_pb_blurb][et_pb_blurb title=\u00bbBa\u00f1os privados\u00bb image=\u00bbhttps:\/\/damrakshortstay.com\/wp-content\/uploads\/\/2019\/11\/damrakshortstayamsterdam_icon_bathroom.svg\u00bb alt=\u00bbdamrakshortstayamsterdam_icon_bathroom\u00bb icon_placement=\u00bbleft\u00bb _builder_version=\u00bb4.0.6&#8243; header_line_height=\u00bb1.8em\u00bb][\/et_pb_blurb][et_pb_blurb title=\u00bbSecador de pelo\u00bb image=\u00bbhttps:\/\/damrakshortstay.com\/wp-content\/uploads\/\/2019\/11\/damrakshortstayamsterdam_icon_hairdryer.svg\u00bb alt=\u00bbdamrakshortstayamsterdam_icon_hairdryer\u00bb icon_placement=\u00bbleft\u00bb _builder_version=\u00bb4.0.6&#8243; header_line_height=\u00bb1.8em\u00bb][\/et_pb_blurb][et_pb_blurb title=\u00bbAseos separados\u00bb image=\u00bbhttps:\/\/damrakshortstay.com\/wp-content\/uploads\/\/2019\/11\/damrakshortstayamsterdam_icon_toilet.svg\u00bb alt=\u00bbdamrakshortstayamsterdam_icon_toilet\u00bb icon_placement=\u00bbleft\u00bb _builder_version=\u00bb4.0.6&#8243; header_line_height=\u00bb1.8em\u00bb][\/et_pb_blurb][et_pb_blurb title=\u00bbCuna bajo petici\u00f3n\u00bb image=\u00bbhttps:\/\/damrakshortstay.com\/wp-content\/uploads\/\/2019\/11\/damrakshortstayamsterdam_icon_toddlerbed.svg\u00bb alt=\u00bbdamrakshortstayamsterdam_icon_cama de beb\u00e9\u00bb icon_placement=\u00bbleft\u00bb _builder_version=\u00bb4.0.6&#8243; header_line_height=\u00bb1.8em\u00bb][\/et_pb_blurb][\/et_pb_column][et_pb_column type=\u00bb1_3&#8243; _builder_version=\u00bb3.25&#8243; custom_padding=\u00bb|||\u00bb custom_padding__hover=\u00bb|||\u00bb][et_pb_blurb title=\u00bbLavadora y secadora\u00bb image=\u00bbhttps:\/\/damrakshortstay.com\/wp-content\/uploads\/\/2019\/11\/damrakshortstayamsterdam_icon_wasmachine.svg\u00bb alt=\u00bbdamrakshortstayamsterdam_icon_wasmachine\u00bb icon_placement=\u00bbleft\u00bb _builder_version=\u00bb4.0.6&#8243; header_line_height=\u00bb1.8em\u00bb][\/et_pb_blurb][et_pb_blurb title=\u00bbLavavajillas\u00bb image=\u00bbhttps:\/\/damrakshortstay.com\/wp-content\/uploads\/\/2019\/11\/damrakshortstayamsterdam_icon_dishwasher.svg\u00bb alt=\u00bbdamrakshortstayamsterdam_icon_lavavajillas\u00bb icon_placement=\u00bbleft\u00bb _builder_version=\u00bb4.0.6&#8243; header_line_height=\u00bb1.8em\u00bb][\/et_pb_blurb][et_pb_blurb title=\u00bbHorno\u00bb image=\u00bbhttps:\/\/damrakshortstay.com\/wp-content\/uploads\/\/2019\/11\/damrakshortstayamsterdam_icon_oven.svg\u00bb alt=\u00bbdamrakshortstayamsterdam_icon_oven\u00bb icon_placement=\u00bbleft\u00bb _builder_version=\u00bb4.0.6&#8243; header_line_height=\u00bb1.8em\u00bb][\/et_pb_blurb][et_pb_blurb title=\u00bbMicroondas\u00bb image=\u00bbhttps:\/\/damrakshortstay.com\/wp-content\/uploads\/\/2019\/11\/damrakshortstayamsterdam_icon_microwave.svg\u00bb alt=\u00bbdamrakshortstayamsterdam_icon_microwave\u00bb icon_placement=\u00bbleft\u00bb _builder_version=\u00bb4.0.6&#8243; header_line_height=\u00bb1.8em\u00bb][\/et_pb_blurb][et_pb_blurb title=\u00bbRefrigerador\u00bb image=\u00bbhttps:\/\/damrakshortstay.com\/wp-content\/uploads\/\/2019\/11\/damrakshortstayamsterdam_icon_refridgerator.svg\u00bb alt=\u00bbdamrakshortstayamsterdam_icon_refridgerator\u00bb icon_placement=\u00bbleft\u00bb _builder_version=\u00bb4.0.6&#8243; header_line_height=\u00bb1.8em\u00bb][\/et_pb_blurb][et_pb_blurb title=\u00bbNespresso, qu\u00e9 m\u00e1s&#8230;\u00bb image=\u00bbhttps:\/\/damrakshortstay.com\/wp-content\/uploads\/\/2019\/11\/damrakshortstayamsterdam_icon_nespresso.svg\u00bb alt=\u00bbdamrakshortstayamsterdam_icon_nespresso\u00bb icon_placement=\u00bbleft\u00bb _builder_version=\u00bb4.0.6&#8243; header_line_height=\u00bb1.8em\u00bb][\/et_pb_blurb][et_pb_blurb title=\u00bbHervidor\u00bb image=\u00bbhttps:\/\/damrakshortstay.com\/wp-content\/uploads\/\/2019\/11\/damrakshortstayamsterdam_icon_kettle.svg\u00bb alt=\u00bbdamrakshortstayamsterdam_icon_kettle\u00bb icon_placement=\u00bbleft\u00bb _builder_version=\u00bb4.0.6&#8243; header_line_height=\u00bb1.8em\u00bb][\/et_pb_blurb][\/et_pb_column][et_pb_column type=\u00bb1_3&#8243; _builder_version=\u00bb3.25&#8243; custom_padding=\u00bb|||\u00bb custom_padding__hover=\u00bb|||\u00bb][et_pb_blurb title=\u00bbMenaje de cocina\u00bb image=\u00bbhttps:\/\/damrakshortstay.com\/wp-content\/uploads\/\/2019\/11\/damrakshortstayamsterdam_icon_kitchenware.svg\u00bb alt=\u00bbdamrakshortstayamsterdam_icon_kitchenware\u00bb icon_placement=\u00bbleft\u00bb _builder_version=\u00bb4.0.6&#8243; header_line_height=\u00bb1.8em\u00bb][\/et_pb_blurb][et_pb_blurb title=\u00bbPlancha y tabla\u00bb image=\u00bbhttps:\/\/damrakshortstay.com\/wp-content\/uploads\/\/2019\/11\/damrakshortstayamsterdam_icon_ironingboard.svg\u00bb alt=\u00bbdamrakshortstayamsterdam_icon_planingboard\u00bb icon_placement=\u00bbleft\u00bb _builder_version=\u00bb4.0.6&#8243; header_line_height=\u00bb1.8em\u00bb][\/et_pb_blurb][et_pb_blurb title=\u00bbPantalla plana en todas las habitaciones\u00bb image=\u00bbhttps:\/\/damrakshortstay.com\/wp-content\/uploads\/\/2019\/11\/damrakshortstayamsterdam_icon_smarttv.svg\u00bb alt=\u00bbdamrakshortstayamsterdam_icon_smarttv\u00bb icon_placement=\u00bbleft\u00bb _builder_version=\u00bb4.0.6&#8243; header_line_height=\u00bb1.8em\u00bb][\/et_pb_blurb][et_pb_blurb title=\u00bbTumbona\u00bb image=\u00bbhttps:\/\/damrakshortstay.com\/wp-content\/uploads\/\/2019\/11\/damrakshortstayamsterdam_icon_livingroom.svg\u00bb alt=\u00bbdamrakshortstayamsterdam_icon_livingroom\u00bb icon_placement=\u00bbleft\u00bb _builder_version=\u00bb4.0.6&#8243; header_line_height=\u00bb1.8em\u00bb][\/et_pb_blurb][et_pb_blurb title=\u00bbComedor\u00bb image=\u00bbhttps:\/\/damrakshortstay.com\/wp-content\/uploads\/\/2019\/11\/damrakshortstayamsterdam_icon_diningroom.svg\u00bb alt=\u00bbdamrakshortstayamsterdam_icon_diningroom\u00bb icon_placement=\u00bbleft\u00bb _builder_version=\u00bb4.0.6&#8243; header_line_height=\u00bb1.8em\u00bb][\/et_pb_blurb][et_pb_blurb title=\u00bbClimatizaci\u00f3n\u00bb image=\u00bbhttps:\/\/damrakshortstay.com\/wp-content\/uploads\/\/2019\/11\/damrakshortstayamsterdam_icon_climatecontrol.svg\u00bb alt=\u00bbdamrakshortstayamsterdam_icon_climatecontrol\u00bb icon_placement=\u00bbleft\u00bb _builder_version=\u00bb4.0.6&#8243; header_line_height=\u00bb1.8em\u00bb][\/et_pb_blurb][et_pb_blurb title=\u00bbServicio de limpieza\u00bb image=\u00bbhttps:\/\/damrakshortstay.com\/wp-content\/uploads\/\/2019\/11\/damrakshortstayamsterdam_icon_housekeeping.svg\u00bb alt=\u00bbdamrakshortstayamsterdam_icon_housekeeping\u00bb icon_placement=\u00bbleft\u00bb _builder_version=\u00bb4.0.6&#8243; header_line_height=\u00bb1.8em\u00bb][\/et_pb_blurb][\/et_pb_column][\/et_pb_row][\/et_pb_section][et_pb_section fb_built=\u00bb1&#8243; admin_label=\u00bbContact\u00bb _builder_version=\u00bb4.0.4&#8243; background_color=\u00bb#b2b9c4&#8243; background_image=\u00bbhttps:\/\/damrakshortstay.com\/wp-content\/uploads\/2019\/10\/damrak-shortstay-amsterdam_apartment_06.jpg\u00bb custom_padding=\u00bb8vw|0px|280px|0px|false|false\u00bb global_module=\u00bb361&#8243; saved_tabs=\u00bball\u00bb locked=\u00bboff\u00bb][et_pb_row _builder_version=\u00bb3.25&#8243; custom_margin=\u00bb|||\u00bb][et_pb_column type=\u00bb4_4&#8243; _builder_version=\u00bb3.25&#8243; custom_padding=\u00bb|||\u00bb custom_padding__hover=\u00bb|||\u00bb][et_pb_text _builder_version=\u00bb4.0.4&#8243; text_font=\u00bb||||||||\u00bb text_font_size=\u00bb16px\u00bb text_line_height=\u00bb2em\u00bb header_font=\u00bb||||||||\u00bb header_2_font=\u00bbRaleway|700|||||||\u00bb header_2_font_size=\u00bb50px\u00bb header_2_line_height=\u00bb1.2em\u00bb header_6_font=\u00bbRaleway|700||on|||||\u00bb header_6_font_size=\u00bb16px\u00bb header_6_letter_spacing=\u00bb5px\u00bb header_6_line_height=\u00bb1.8em\u00bb background_layout=\u00bbdark\u00bb max_width_tablet=\u00bb\u00bb max_width_phone=\u00bb\u00bb max_width_last_edited=\u00bbon|desktop\u00bb header_2_font_size_tablet=\u00bb35px\u00bb header_2_font_size_phone=\u00bb25px\u00bb header_2_font_size_last_edited=\u00bbon|phone\u00bb]<\/p>\n<h6 style=\"text-align: center;\">\u00bfTiene alguna pregunta?<\/h6>\n<h2 style=\"text-align: center;\">Hable con el anfitri\u00f3n<\/h2>\n<p>[\/et_pb_text][et_pb_button button_url=\u00bbhttps:\/\/damrakshortstay.com\/contact\/\u00bb button_text=\u00bbP\u00f3ngase en contacto\u00bb button_alignment=\u00bbcenter\u00bb _builder_version=\u00bb4.0.6&#8243; button_text_color=\u00bb#828c91&#8243; button_bg_color=\u00bb#ffffff\u00bb button_border_width=\u00bb10px\u00bb button_border_radius_hover=\u00bb0px\u00bb locked=\u00bboff\u00bb button_one_text_size__hover_enabled=\u00bboff\u00bb button_two_text_size__hover_enabled=\u00bboff\u00bb button_one_text_color__hover_enabled=\u00bboff\u00bb button_two_text_color__hover_enabled=\u00bboff\u00bb button_one_border_width__hover_enabled=\u00bboff\u00bb button_two_border_width__hover_enabled=\u00bboff\u00bb button_one_border_color__hover_enabled=\u00bboff\u00bb button_two_border_color__hover_enabled=\u00bboff\u00bb button_border_radius__hover_enabled=\u00bbon\u00bb button_border_radius__hover=\u00bb0px\u00bb button_one_border_radius__hover_enabled=\u00bboff\u00bb button_two_border_radius__hover_enabled=\u00bboff\u00bb button_one_letter_spacing__hover_enabled=\u00bboff\u00bb button_two_letter_spacing__hover_enabled=\u00bboff\u00bb button_one_bg_color__hover_enabled=\u00bboff\u00bb button_two_bg_color__hover_enabled=\u00bboff\u00bb button_text_size__hover_enabled=\u00bboff\u00bb button_text_color__hover_enabled=\u00bboff\u00bb button_border_width__hover_enabled=\u00bboff\u00bb button_border_color__hover_enabled=\u00bboff\u00bb button_letter_spacing__hover_enabled=\u00bboff\u00bb button_bg_color__hover_enabled=\u00bboff\u00bb][\/et_pb_button][\/et_pb_column][\/et_pb_row][\/et_pb_section]<\/p>\n","protected":false},"excerpt":{"rendered":"<p>Apartamento Queen Un apartamento realmente c\u00f3modo y acogedor en el coraz\u00f3n de \u00c1msterdam, que te hace sentir como en casa. Con una relajante sala de estar y una cocina totalmente equipada. Dese tiempo para comenzar su aventura urbana en este hotel de estilo de vida por excelencia, a pocos pasos del centro cultural de \u00c1msterdam.C\u00f3modo [&hellip;]<\/p>\n","protected":false},"author":1,"featured_media":0,"parent":0,"menu_order":0,"comment_status":"closed","ping_status":"closed","template":"","meta":{"_et_pb_use_builder":"on","_et_pb_old_content":"","_et_gb_content_width":"","footnotes":""},"class_list":["post-1614","page","type-page","status-publish","hentry"],"_links":{"self":[{"href":"https:\/\/damrakshortstay.com\/es\/wp-json\/wp\/v2\/pages\/1614","targetHints":{"allow":["GET"]}}],"collection":[{"href":"https:\/\/damrakshortstay.com\/es\/wp-json\/wp\/v2\/pages"}],"about":[{"href":"https:\/\/damrakshortstay.com\/es\/wp-json\/wp\/v2\/types\/page"}],"author":[{"embeddable":true,"href":"https:\/\/damrakshortstay.com\/es\/wp-json\/wp\/v2\/users\/1"}],"replies":[{"embeddable":true,"href":"https:\/\/damrakshortstay.com\/es\/wp-json\/wp\/v2\/comments?post=1614"}],"version-history":[{"count":7,"href":"https:\/\/damrakshortstay.com\/es\/wp-json\/wp\/v2\/pages\/1614\/revisions"}],"predecessor-version":[{"id":1638,"href":"https:\/\/damrakshortstay.com\/es\/wp-json\/wp\/v2\/pages\/1614\/revisions\/1638"}],"wp:attachment":[{"href":"https:\/\/damrakshortstay.com\/es\/wp-json\/wp\/v2\/media?parent=1614"}],"curies":[{"name":"wp","href":"https:\/\/api.w.org\/{rel}","templated":true}]}}